{"id":7060,"date":"2024-09-25T07:50:36","date_gmt":"2024-09-25T07:50:36","guid":{"rendered":"https:\/\/protech-transfer.com\/laser-consumables\/"},"modified":"2025-12-24T08:11:53","modified_gmt":"2025-12-24T08:11:53","slug":"laser-consumables","status":"publish","type":"page","link":"https:\/\/protech-transfer.com\/vi\/laser-consumables\/","title":{"rendered":"Laser Consumables"},"content":{"rendered":"\t\t<div data-elementor-type=\"wp-page\" data-elementor-id=\"7060\" class=\"elementor elementor-7060 elementor-1693\" data-elementor-post-type=\"page\">\n\t\t\t\t\t\t<section class=\"elementor-section elementor-top-section elementor-element elementor-element-3b4773f31 elementor-section-content-middle elementor-section-boxed elementor-section-height-default elementor-section-height-default exad-glass-effect-no wpr-particle-no wpr-jarallax-no wpr-parallax-no wpr-sticky-section-no exad-sticky-section-no\" data-id=\"3b4773f31\" data-element_type=\"section\" data-e-type=\"section\">\n\t\t\t\t\t\t<div class=\"elementor-container elementor-column-gap-default\">\n\t\t\t\t\t<div class=\"elementor-column elementor-col-100 elementor-top-column elementor-element elementor-element-412fc47 exad-glass-effect-no exad-sticky-section-no\" data-id=\"412fc47\" data-element_type=\"column\" data-e-type=\"column\">\n\t\t\t<div class=\"elementor-widget-wrap elementor-element-populated\">\n\t\t\t\t\t\t<div class=\"elementor-element elementor-element-a120376 exad-sticky-section-no exad-glass-effect-no elementor-widget elementor-widget-spacer\" data-id=\"a120376\" data-element_type=\"widget\" data-e-type=\"widget\" data-widget_type=\"spacer.default\">\n\t\t\t\t<div class=\"elementor-widget-container\">\n\t\t\t\t\t\t\t<div class=\"elementor-spacer\">\n\t\t\t<div class=\"elementor-spacer-inner\"><\/div>\n\t\t<\/div>\n\t\t\t\t\t\t<\/div>\n\t\t\t\t<\/div>\n\t\t\t\t<div class=\"elementor-element elementor-element-40ab00a elementor-align-center elementor-icon-list--layout-traditional elementor-list-item-link-full_width exad-sticky-section-no exad-glass-effect-no elementor-widget elementor-widget-icon-list\" data-id=\"40ab00a\" data-element_type=\"widget\" data-e-type=\"widget\" data-widget_type=\"icon-list.default\">\n\t\t\t\t<div class=\"elementor-widget-container\">\n\t\t\t\t\t\t\t<ul class=\"elementor-icon-list-items\">\n\t\t\t\t\t\t\t<li class=\"elementor-icon-list-item\">\n\t\t\t\t\t\t\t\t\t\t<span class=\"elementor-icon-list-text\">V\u1eadt t\u01b0 ti\u00eau hao cho laser<\/span>\n\t\t\t\t\t\t\t\t\t<\/li>\n\t\t\t\t\t\t<\/ul>\n\t\t\t\t\t\t<\/div>\n\t\t\t\t<\/div>\n\t\t\t\t\t<\/div>\n\t\t<\/div>\n\t\t\t\t\t<\/div>\n\t\t<\/section>\n\t\t\t\t<section class=\"elementor-section elementor-top-section elementor-element elementor-element-1e34c1f elementor-section-boxed elementor-section-height-default elementor-section-height-default exad-glass-effect-no wpr-particle-no wpr-jarallax-no wpr-parallax-no wpr-sticky-section-no exad-sticky-section-no\" data-id=\"1e34c1f\" data-element_type=\"section\" data-e-type=\"section\">\n\t\t\t\t\t\t<div class=\"elementor-container elementor-column-gap-default\">\n\t\t\t\t\t<div class=\"elementor-column elementor-col-50 elementor-top-column elementor-element elementor-element-87d2146 exad-glass-effect-no exad-sticky-section-no\" data-id=\"87d2146\" data-element_type=\"column\" data-e-type=\"column\">\n\t\t\t<div class=\"elementor-widget-wrap elementor-element-populated\">\n\t\t\t\t\t\t<div class=\"elementor-element elementor-element-b7b4b5c exad-sticky-section-no exad-glass-effect-no elementor-widget elementor-widget-image\" data-id=\"b7b4b5c\" data-element_type=\"widget\" data-e-type=\"widget\" data-widget_type=\"image.default\">\n\t\t\t\t<div class=\"elementor-widget-container\">\n\t\t\t\t\t\t\t\t\t\t\t\t\t\t\t<img fetchpriority=\"high\" decoding=\"async\" width=\"1024\" height=\"683\" src=\"https:\/\/protech-transfer.com\/wp-content\/uploads\/2024\/09\/Protech-Transfer-Laser-Consumables-1024x683.jpg\" class=\"attachment-large size-large wp-image-1694\" alt=\"Protech Transfer Laser Consumables\" srcset=\"https:\/\/protech-transfer.com\/wp-content\/uploads\/2024\/09\/Protech-Transfer-Laser-Consumables-1024x683.jpg 1024w, https:\/\/protech-transfer.com\/wp-content\/uploads\/2024\/09\/Protech-Transfer-Laser-Consumables-300x200.jpg 300w, https:\/\/protech-transfer.com\/wp-content\/uploads\/2024\/09\/Protech-Transfer-Laser-Consumables-768x512.jpg 768w, https:\/\/protech-transfer.com\/wp-content\/uploads\/2024\/09\/Protech-Transfer-Laser-Consumables.jpg 1080w\" sizes=\"(max-width: 1024px) 100vw, 1024px\" \/>\t\t\t\t\t\t\t\t\t\t\t\t\t\t\t<\/div>\n\t\t\t\t<\/div>\n\t\t\t\t\t<\/div>\n\t\t<\/div>\n\t\t\t\t<div class=\"elementor-column elementor-col-50 elementor-top-column elementor-element elementor-element-1a590c8 exad-glass-effect-no exad-sticky-section-no\" data-id=\"1a590c8\" data-element_type=\"column\" data-e-type=\"column\">\n\t\t\t<div class=\"elementor-widget-wrap elementor-element-populated\">\n\t\t\t\t\t\t<div class=\"elementor-element elementor-element-82fda69 exad-sticky-section-no exad-glass-effect-no elementor-widget elementor-widget-heading\" data-id=\"82fda69\" data-element_type=\"widget\" data-e-type=\"widget\" data-widget_type=\"heading.default\">\n\t\t\t\t<div class=\"elementor-widget-container\">\n\t\t\t\t\t<p class=\"elementor-heading-title elementor-size-default\">V\u1eadt t\u01b0 laser c\u1ee7a ch\u00fang t\u00f4i \u0111\u01b0\u1ee3c s\u1ea3n xu\u1ea5t \u0111\u1ec3 s\u1eed d\u1ee5ng l\u00e2u d\u00e0i, ngay c\u1ea3 trong \u0111i\u1ec1u ki\u1ec7n kh\u1eafc nghi\u1ec7t, gi\u00fap m\u00e1y laser c\u1ee7a b\u1ea1n v\u1eadn h\u00e0nh tr\u01a1n tru v\u00e0 hi\u1ec7u qu\u1ea3.Ch\u00fang t\u00f4i cung c\u1ea5p th\u1ea5u k\u00ednh ch\u1ea5t l\u01b0\u1ee3ng cao, k\u00ednh b\u1ea3o h\u1ed9, v\u1eadt li\u1ec7u l\u1ecdc kh\u00ed HEPA, v\u00e0 nhi\u1ec1u v\u1eadt t\u01b0 kh\u00e1c h\u1ed7 tr\u1ee3 duy tr\u00ec \u0111\u1ed9 ch\u00ednh x\u00e1c khi kh\u1eafc, c\u1eaft ho\u1eb7c h\u00e0n b\u1eb1ng laser.<\/p>\t\t\t\t<\/div>\n\t\t\t\t<\/div>\n\t\t\t\t<div class=\"elementor-element elementor-element-2ea63e8 exad-sticky-section-no exad-glass-effect-no elementor-widget elementor-widget-heading\" data-id=\"2ea63e8\" data-element_type=\"widget\" data-e-type=\"widget\" data-widget_type=\"heading.default\">\n\t\t\t\t<div class=\"elementor-widget-container\">\n\t\t\t\t\t<p class=\"elementor-heading-title elementor-size-default\">S\u1eed d\u1ee5ng nh\u1eefng v\u1eadt t\u01b0 h\u00e0ng \u0111\u1ea7u n\u00e0y s\u1ebd c\u1ea3i thi\u1ec7n hi\u1ec7u su\u1ea5t v\u00e0 k\u00e9o d\u00e0i tu\u1ed5i th\u1ecd thi\u1ebft b\u1ecb laser.D\u00f9 b\u1ea1n thu\u1ed9c ng\u00e0nh trang s\u1ee9c, y t\u1ebf hay c\u00f4ng nghi\u1ec7p, s\u1ea3n ph\u1ea9m c\u1ee7a ch\u00fang t\u00f4i \u0111\u1ea3m b\u1ea3o h\u1ec7 th\u1ed1ng laser c\u1ee7a b\u1ea1n ho\u1ea1t \u0111\u1ed9ng \u1ed5n \u0111\u1ecbnh, cho k\u1ebft qu\u1ea3 \u0111\u00e1ng tin c\u1eady v\u00e0 mang l\u1ea1i gi\u00e1 tr\u1ecb x\u1ee9ng \u0111\u00e1ng v\u1edbi chi ph\u00ed.<\/p>\t\t\t\t<\/div>\n\t\t\t\t<\/div>\n\t\t\t\t\t<\/div>\n\t\t<\/div>\n\t\t\t\t\t<\/div>\n\t\t<\/section>\n\t\t\t\t<section class=\"elementor-section elementor-top-section elementor-element elementor-element-a325b0e elementor-section-boxed elementor-section-height-default elementor-section-height-default exad-glass-effect-no wpr-particle-no wpr-jarallax-no wpr-parallax-no wpr-sticky-section-no exad-sticky-section-no\" data-id=\"a325b0e\" data-element_type=\"section\" data-e-type=\"section\">\n\t\t\t\t\t\t<div class=\"elementor-container elementor-column-gap-default\">\n\t\t\t\t\t<div class=\"elementor-column elementor-col-100 elementor-top-column elementor-element elementor-element-ecb9cce exad-glass-effect-no exad-sticky-section-no\" data-id=\"ecb9cce\" data-element_type=\"column\" data-e-type=\"column\">\n\t\t\t<div class=\"elementor-widget-wrap elementor-element-populated\">\n\t\t\t\t\t\t<div class=\"elementor-element elementor-element-a7ccd62 exad-sticky-section-no exad-glass-effect-no elementor-widget elementor-widget-spacer\" data-id=\"a7ccd62\" data-element_type=\"widget\" data-e-type=\"widget\" data-widget_type=\"spacer.default\">\n\t\t\t\t<div class=\"elementor-widget-container\">\n\t\t\t\t\t\t\t<div class=\"elementor-spacer\">\n\t\t\t<div class=\"elementor-spacer-inner\"><\/div>\n\t\t<\/div>\n\t\t\t\t\t\t<\/div>\n\t\t\t\t<\/div>\n\t\t\t\t\t<\/div>\n\t\t<\/div>\n\t\t\t\t\t<\/div>\n\t\t<\/section>\n\t\t\t\t<\/div>\n\t\t","protected":false},"excerpt":{"rendered":"<p>V\u1eadt t\u01b0 ti\u00eau hao cho laser V\u1eadt t\u01b0 laser c\u1ee7a ch\u00fang t\u00f4i \u0111\u01b0\u1ee3c s\u1ea3n xu\u1ea5t \u0111\u1ec3 s\u1eed d\u1ee5ng l\u00e2u d\u00e0i, ngay c\u1ea3 trong \u0111i\u1ec1u ki\u1ec7n kh\u1eafc nghi\u1ec7t, gi\u00fap m\u00e1y laser c\u1ee7a b\u1ea1n v\u1eadn h\u00e0nh tr\u01a1n tru v\u00e0 hi\u1ec7u qu\u1ea3.Ch\u00fang t\u00f4i cung c\u1ea5p th\u1ea5u k\u00ednh ch\u1ea5t l\u01b0\u1ee3ng cao, k\u00ednh b\u1ea3o h\u1ed9, v\u1eadt li\u1ec7u l\u1ecdc kh\u00ed HEPA, v\u00e0 nhi\u1ec1u v\u1eadt t\u01b0 kh\u00e1c h\u1ed7 tr\u1ee3 duy tr\u00ec \u0111\u1ed9 ch\u00ednh x\u00e1c khi kh\u1eafc, c\u1eaft ho\u1eb7c h\u00e0n b\u1eb1ng laser. S\u1eed d\u1ee5ng nh\u1eefng v\u1eadt t\u01b0 h\u00e0ng \u0111\u1ea7u n\u00e0y s\u1ebd c\u1ea3i thi\u1ec7n hi\u1ec7u su\u1ea5t v\u00e0 k\u00e9o d\u00e0i tu\u1ed5i th\u1ecd thi\u1ebft b\u1ecb laser.D\u00f9 b\u1ea1n thu\u1ed9c ng\u00e0nh trang s\u1ee9c, y t\u1ebf hay c\u00f4ng nghi\u1ec7p, s\u1ea3n ph\u1ea9m c\u1ee7a ch\u00fang t\u00f4i \u0111\u1ea3m b\u1ea3o h\u1ec7 th\u1ed1ng laser c\u1ee7a b\u1ea1n ho\u1ea1t \u0111\u1ed9ng \u1ed5n \u0111\u1ecbnh, cho k\u1ebft qu\u1ea3 \u0111\u00e1ng tin c\u1eady v\u00e0 mang l\u1ea1i gi\u00e1 tr\u1ecb x\u1ee9ng \u0111\u00e1ng v\u1edbi chi ph\u00ed.<\/p>\n","protected":false},"author":1,"featured_media":7061,"parent":0,"menu_order":0,"comment_status":"closed","ping_status":"closed","template":"elementor_header_footer","meta":{"site-sidebar-layout":"no-sidebar","site-content-layout":"","ast-site-content-layout":"full-width-container","site-content-style":"default","site-sidebar-style":"default","ast-global-header-display":"","ast-banner-title-visibility":"","ast-main-header-display":"","ast-hfb-above-header-display":"","ast-hfb-below-header-display":"","ast-hfb-mobile-header-display":"","site-post-title":"disabled","ast-breadcrumbs-content":"","ast-featured-img":"disabled","footer-sml-layout":"","ast-disable-related-posts":"","theme-transparent-header-meta":"default","adv-header-id-meta":"","stick-header-meta":"","header-above-stick-meta":"","header-main-stick-meta":"","header-below-stick-meta":"","astra-migrate-meta-layouts":"default","ast-page-background-enabled":"default","ast-page-background-meta":{"desktop":{"background-color":"var(--ast-global-color-4)","background-image":"","background-repeat":"repeat","background-position":"center center","background-size":"auto","background-attachment":"scroll","background-type":"","background-media":"","overlay-type":"","overlay-color":"","overlay-opacity":"","overlay-gradient":""},"tablet":{"background-color":"","background-image":"","background-repeat":"repeat","background-position":"center center","background-size":"auto","background-attachment":"scroll","background-type":"","background-media":"","overlay-type":"","overlay-color":"","overlay-opacity":"","overlay-gradient":""},"mobile":{"background-color":"","background-image":"","background-repeat":"repeat","background-position":"center center","background-size":"auto","background-attachment":"scroll","background-type":"","background-media":"","overlay-type":"","overlay-color":"","overlay-opacity":"","overlay-gradient":""}},"ast-content-background-meta":{"desktop":{"background-color":"var(--ast-global-color-5)","background-image":"","background-repeat":"repeat","background-position":"center center","background-size":"auto","background-attachment":"scroll","background-type":"","background-media":"","overlay-type":"","overlay-color":"","overlay-opacity":"","overlay-gradient":""},"tablet":{"background-color":"var(--ast-global-color-5)","background-image":"","background-repeat":"repeat","background-position":"center center","background-size":"auto","background-attachment":"scroll","background-type":"","background-media":"","overlay-type":"","overlay-color":"","overlay-opacity":"","overlay-gradient":""},"mobile":{"background-color":"var(--ast-global-color-5)","background-image":"","background-repeat":"repeat","background-position":"center center","background-size":"auto","background-attachment":"scroll","background-type":"","background-media":"","overlay-type":"","overlay-color":"","overlay-opacity":"","overlay-gradient":""}},"footnotes":""},"class_list":["post-7060","page","type-page","status-publish","has-post-thumbnail","hentry"],"yoast_head":"<!-- This site is optimized with the Yoast SEO plugin v26.9 - https:\/\/yoast.com\/product\/yoast-seo-wordpress\/ -->\n<title>Laser Consumables - Protech Transfer<\/title>\n<meta name=\"robots\" content=\"index, follow, max-snippet:-1, max-image-preview:large, max-video-preview:-1\" \/>\n<link rel=\"canonical\" href=\"https:\/\/protech-transfer.com\/vi\/laser-consumables\/\" \/>\n<meta property=\"og:locale\" content=\"vi_VN\" \/>\n<meta property=\"og:type\" content=\"article\" \/>\n<meta property=\"og:title\" content=\"Laser Consumables - Protech Transfer\" \/>\n<meta property=\"og:description\" content=\"V\u1eadt t\u01b0 ti\u00eau hao cho laser V\u1eadt t\u01b0 laser c\u1ee7a ch\u00fang t\u00f4i \u0111\u01b0\u1ee3c s\u1ea3n xu\u1ea5t \u0111\u1ec3 s\u1eed d\u1ee5ng l\u00e2u d\u00e0i, ngay c\u1ea3 trong \u0111i\u1ec1u ki\u1ec7n kh\u1eafc nghi\u1ec7t, gi\u00fap m\u00e1y laser c\u1ee7a b\u1ea1n v\u1eadn h\u00e0nh tr\u01a1n tru v\u00e0 hi\u1ec7u qu\u1ea3.Ch\u00fang t\u00f4i cung c\u1ea5p th\u1ea5u k\u00ednh ch\u1ea5t l\u01b0\u1ee3ng cao, k\u00ednh b\u1ea3o h\u1ed9, v\u1eadt li\u1ec7u l\u1ecdc kh\u00ed HEPA, v\u00e0 nhi\u1ec1u v\u1eadt t\u01b0 kh\u00e1c h\u1ed7 tr\u1ee3 duy tr\u00ec \u0111\u1ed9 ch\u00ednh x\u00e1c khi kh\u1eafc, c\u1eaft ho\u1eb7c h\u00e0n b\u1eb1ng laser. S\u1eed d\u1ee5ng nh\u1eefng v\u1eadt t\u01b0 h\u00e0ng \u0111\u1ea7u n\u00e0y s\u1ebd c\u1ea3i thi\u1ec7n hi\u1ec7u su\u1ea5t v\u00e0 k\u00e9o d\u00e0i tu\u1ed5i th\u1ecd thi\u1ebft b\u1ecb laser.D\u00f9 b\u1ea1n thu\u1ed9c ng\u00e0nh trang s\u1ee9c, y t\u1ebf hay c\u00f4ng nghi\u1ec7p, s\u1ea3n ph\u1ea9m c\u1ee7a ch\u00fang t\u00f4i \u0111\u1ea3m b\u1ea3o h\u1ec7 th\u1ed1ng laser c\u1ee7a b\u1ea1n ho\u1ea1t \u0111\u1ed9ng \u1ed5n \u0111\u1ecbnh, cho k\u1ebft qu\u1ea3 \u0111\u00e1ng tin c\u1eady v\u00e0 mang l\u1ea1i gi\u00e1 tr\u1ecb x\u1ee9ng \u0111\u00e1ng v\u1edbi chi ph\u00ed.\" \/>\n<meta property=\"og:url\" content=\"https:\/\/protech-transfer.com\/vi\/laser-consumables\/\" \/>\n<meta property=\"og:site_name\" content=\"Protech Transfer\" \/>\n<meta property=\"article:modified_time\" content=\"2025-12-24T08:11:53+00:00\" \/>\n<meta property=\"og:image\" content=\"https:\/\/protech-transfer.com\/wp-content\/uploads\/2024\/09\/Protech-Transfer-Laser-Consumables.jpg\" \/>\n\t<meta property=\"og:image:width\" content=\"1080\" \/>\n\t<meta property=\"og:image:height\" content=\"720\" \/>\n\t<meta property=\"og:image:type\" content=\"image\/jpeg\" \/>\n<meta name=\"twitter:card\" content=\"summary_large_image\" \/>\n<meta name=\"twitter:label1\" content=\"Est. reading time\" \/>\n\t<meta name=\"twitter:data1\" content=\"1 minute\" \/>\n<script type=\"application\/ld+json\" class=\"yoast-schema-graph\">{\"@context\":\"https:\/\/schema.org\",\"@graph\":[{\"@type\":\"WebPage\",\"@id\":\"https:\/\/protech-transfer.com\/vi\/laser-consumables\/\",\"url\":\"https:\/\/protech-transfer.com\/vi\/laser-consumables\/\",\"name\":\"Laser Consumables - Protech Transfer\",\"isPartOf\":{\"@id\":\"https:\/\/protech-transfer.com\/vi\/#website\"},\"primaryImageOfPage\":{\"@id\":\"https:\/\/protech-transfer.com\/vi\/laser-consumables\/#primaryimage\"},\"image\":{\"@id\":\"https:\/\/protech-transfer.com\/vi\/laser-consumables\/#primaryimage\"},\"thumbnailUrl\":\"https:\/\/protech-transfer.com\/wp-content\/uploads\/2024\/09\/Protech-Transfer-Laser-Consumables.jpg\",\"datePublished\":\"2024-09-25T07:50:36+00:00\",\"dateModified\":\"2025-12-24T08:11:53+00:00\",\"breadcrumb\":{\"@id\":\"https:\/\/protech-transfer.com\/vi\/laser-consumables\/#breadcrumb\"},\"inLanguage\":\"vi-VN\",\"potentialAction\":[{\"@type\":\"ReadAction\",\"target\":[\"https:\/\/protech-transfer.com\/vi\/laser-consumables\/\"]}]},{\"@type\":\"ImageObject\",\"inLanguage\":\"vi-VN\",\"@id\":\"https:\/\/protech-transfer.com\/vi\/laser-consumables\/#primaryimage\",\"url\":\"https:\/\/protech-transfer.com\/wp-content\/uploads\/2024\/09\/Protech-Transfer-Laser-Consumables.jpg\",\"contentUrl\":\"https:\/\/protech-transfer.com\/wp-content\/uploads\/2024\/09\/Protech-Transfer-Laser-Consumables.jpg\",\"width\":1080,\"height\":720,\"caption\":\"Protech Transfer Laser Consumables\"},{\"@type\":\"BreadcrumbList\",\"@id\":\"https:\/\/protech-transfer.com\/vi\/laser-consumables\/#breadcrumb\",\"itemListElement\":[{\"@type\":\"ListItem\",\"position\":1,\"name\":\"Home\",\"item\":\"https:\/\/protech-transfer.com\/vi\/\"},{\"@type\":\"ListItem\",\"position\":2,\"name\":\"Laser Consumables\"}]},{\"@type\":\"WebSite\",\"@id\":\"https:\/\/protech-transfer.com\/vi\/#website\",\"url\":\"https:\/\/protech-transfer.com\/vi\/\",\"name\":\"Protech Transfer\",\"description\":\"&quot;BEST MACHINERY, BEST SERVICE&quot;\",\"potentialAction\":[{\"@type\":\"SearchAction\",\"target\":{\"@type\":\"EntryPoint\",\"urlTemplate\":\"https:\/\/protech-transfer.com\/vi\/?s={search_term_string}\"},\"query-input\":{\"@type\":\"PropertyValueSpecification\",\"valueRequired\":true,\"valueName\":\"search_term_string\"}}],\"inLanguage\":\"vi-VN\"}]}<\/script>\n<!-- \/ Yoast SEO plugin. -->","yoast_head_json":{"title":"Laser Consumables - Protech Transfer","robots":{"index":"index","follow":"follow","max-snippet":"max-snippet:-1","max-image-preview":"max-image-preview:large","max-video-preview":"max-video-preview:-1"},"canonical":"https:\/\/protech-transfer.com\/vi\/laser-consumables\/","og_locale":"vi_VN","og_type":"article","og_title":"Laser Consumables - Protech Transfer","og_description":"V\u1eadt t\u01b0 ti\u00eau hao cho laser V\u1eadt t\u01b0 laser c\u1ee7a ch\u00fang t\u00f4i \u0111\u01b0\u1ee3c s\u1ea3n xu\u1ea5t \u0111\u1ec3 s\u1eed d\u1ee5ng l\u00e2u d\u00e0i, ngay c\u1ea3 trong \u0111i\u1ec1u ki\u1ec7n kh\u1eafc nghi\u1ec7t, gi\u00fap m\u00e1y laser c\u1ee7a b\u1ea1n v\u1eadn h\u00e0nh tr\u01a1n tru v\u00e0 hi\u1ec7u qu\u1ea3.Ch\u00fang t\u00f4i cung c\u1ea5p th\u1ea5u k\u00ednh ch\u1ea5t l\u01b0\u1ee3ng cao, k\u00ednh b\u1ea3o h\u1ed9, v\u1eadt li\u1ec7u l\u1ecdc kh\u00ed HEPA, v\u00e0 nhi\u1ec1u v\u1eadt t\u01b0 kh\u00e1c h\u1ed7 tr\u1ee3 duy tr\u00ec \u0111\u1ed9 ch\u00ednh x\u00e1c khi kh\u1eafc, c\u1eaft ho\u1eb7c h\u00e0n b\u1eb1ng laser. S\u1eed d\u1ee5ng nh\u1eefng v\u1eadt t\u01b0 h\u00e0ng \u0111\u1ea7u n\u00e0y s\u1ebd c\u1ea3i thi\u1ec7n hi\u1ec7u su\u1ea5t v\u00e0 k\u00e9o d\u00e0i tu\u1ed5i th\u1ecd thi\u1ebft b\u1ecb laser.D\u00f9 b\u1ea1n thu\u1ed9c ng\u00e0nh trang s\u1ee9c, y t\u1ebf hay c\u00f4ng nghi\u1ec7p, s\u1ea3n ph\u1ea9m c\u1ee7a ch\u00fang t\u00f4i \u0111\u1ea3m b\u1ea3o h\u1ec7 th\u1ed1ng laser c\u1ee7a b\u1ea1n ho\u1ea1t \u0111\u1ed9ng \u1ed5n \u0111\u1ecbnh, cho k\u1ebft qu\u1ea3 \u0111\u00e1ng tin c\u1eady v\u00e0 mang l\u1ea1i gi\u00e1 tr\u1ecb x\u1ee9ng \u0111\u00e1ng v\u1edbi chi ph\u00ed.","og_url":"https:\/\/protech-transfer.com\/vi\/laser-consumables\/","og_site_name":"Protech Transfer","article_modified_time":"2025-12-24T08:11:53+00:00","og_image":[{"width":1080,"height":720,"url":"https:\/\/protech-transfer.com\/wp-content\/uploads\/2024\/09\/Protech-Transfer-Laser-Consumables.jpg","type":"image\/jpeg"}],"twitter_card":"summary_large_image","twitter_misc":{"Est. reading time":"1 minute"},"schema":{"@context":"https:\/\/schema.org","@graph":[{"@type":"WebPage","@id":"https:\/\/protech-transfer.com\/vi\/laser-consumables\/","url":"https:\/\/protech-transfer.com\/vi\/laser-consumables\/","name":"Laser Consumables - Protech Transfer","isPartOf":{"@id":"https:\/\/protech-transfer.com\/vi\/#website"},"primaryImageOfPage":{"@id":"https:\/\/protech-transfer.com\/vi\/laser-consumables\/#primaryimage"},"image":{"@id":"https:\/\/protech-transfer.com\/vi\/laser-consumables\/#primaryimage"},"thumbnailUrl":"https:\/\/protech-transfer.com\/wp-content\/uploads\/2024\/09\/Protech-Transfer-Laser-Consumables.jpg","datePublished":"2024-09-25T07:50:36+00:00","dateModified":"2025-12-24T08:11:53+00:00","breadcrumb":{"@id":"https:\/\/protech-transfer.com\/vi\/laser-consumables\/#breadcrumb"},"inLanguage":"vi-VN","potentialAction":[{"@type":"ReadAction","target":["https:\/\/protech-transfer.com\/vi\/laser-consumables\/"]}]},{"@type":"ImageObject","inLanguage":"vi-VN","@id":"https:\/\/protech-transfer.com\/vi\/laser-consumables\/#primaryimage","url":"https:\/\/protech-transfer.com\/wp-content\/uploads\/2024\/09\/Protech-Transfer-Laser-Consumables.jpg","contentUrl":"https:\/\/protech-transfer.com\/wp-content\/uploads\/2024\/09\/Protech-Transfer-Laser-Consumables.jpg","width":1080,"height":720,"caption":"Protech Transfer Laser Consumables"},{"@type":"BreadcrumbList","@id":"https:\/\/protech-transfer.com\/vi\/laser-consumables\/#breadcrumb","itemListElement":[{"@type":"ListItem","position":1,"name":"Home","item":"https:\/\/protech-transfer.com\/vi\/"},{"@type":"ListItem","position":2,"name":"Laser Consumables"}]},{"@type":"WebSite","@id":"https:\/\/protech-transfer.com\/vi\/#website","url":"https:\/\/protech-transfer.com\/vi\/","name":"Protech Transfer","description":"&quot;BEST MACHINERY, BEST SERVICE&quot;","potentialAction":[{"@type":"SearchAction","target":{"@type":"EntryPoint","urlTemplate":"https:\/\/protech-transfer.com\/vi\/?s={search_term_string}"},"query-input":{"@type":"PropertyValueSpecification","valueRequired":true,"valueName":"search_term_string"}}],"inLanguage":"vi-VN"}]}},"_links":{"self":[{"href":"https:\/\/protech-transfer.com\/vi\/wp-json\/wp\/v2\/pages\/7060","targetHints":{"allow":["GET"]}}],"collection":[{"href":"https:\/\/protech-transfer.com\/vi\/wp-json\/wp\/v2\/pages"}],"about":[{"href":"https:\/\/protech-transfer.com\/vi\/wp-json\/wp\/v2\/types\/page"}],"author":[{"embeddable":true,"href":"https:\/\/protech-transfer.com\/vi\/wp-json\/wp\/v2\/users\/1"}],"replies":[{"embeddable":true,"href":"https:\/\/protech-transfer.com\/vi\/wp-json\/wp\/v2\/comments?post=7060"}],"version-history":[{"count":3,"href":"https:\/\/protech-transfer.com\/vi\/wp-json\/wp\/v2\/pages\/7060\/revisions"}],"predecessor-version":[{"id":7065,"href":"https:\/\/protech-transfer.com\/vi\/wp-json\/wp\/v2\/pages\/7060\/revisions\/7065"}],"wp:featuredmedia":[{"embeddable":true,"href":"https:\/\/protech-transfer.com\/vi\/wp-json\/wp\/v2\/media\/7061"}],"wp:attachment":[{"href":"https:\/\/protech-transfer.com\/vi\/wp-json\/wp\/v2\/media?parent=7060"}],"curies":[{"name":"wp","href":"https:\/\/api.w.org\/{rel}","templated":true}]}}