{"id":7054,"date":"2024-09-25T07:38:48","date_gmt":"2024-09-25T07:38:48","guid":{"rendered":"https:\/\/protech-transfer.com\/casting-consumables\/"},"modified":"2025-12-24T08:09:10","modified_gmt":"2025-12-24T08:09:10","slug":"casting-consumables","status":"publish","type":"page","link":"https:\/\/protech-transfer.com\/vi\/casting-consumables\/","title":{"rendered":"Casting Consumables"},"content":{"rendered":"\t\t<div data-elementor-type=\"wp-page\" data-elementor-id=\"7054\" class=\"elementor elementor-7054 elementor-1686\" data-elementor-post-type=\"page\">\n\t\t\t\t\t\t<section class=\"elementor-section elementor-top-section elementor-element elementor-element-3b4773f31 elementor-section-content-middle elementor-section-boxed elementor-section-height-default elementor-section-height-default exad-glass-effect-no wpr-particle-no wpr-jarallax-no wpr-parallax-no wpr-sticky-section-no exad-sticky-section-no\" data-id=\"3b4773f31\" data-element_type=\"section\" data-e-type=\"section\">\n\t\t\t\t\t\t<div class=\"elementor-container elementor-column-gap-default\">\n\t\t\t\t\t<div class=\"elementor-column elementor-col-100 elementor-top-column elementor-element elementor-element-412fc47 exad-glass-effect-no exad-sticky-section-no\" data-id=\"412fc47\" data-element_type=\"column\" data-e-type=\"column\">\n\t\t\t<div class=\"elementor-widget-wrap elementor-element-populated\">\n\t\t\t\t\t\t<div class=\"elementor-element elementor-element-389038d exad-sticky-section-no exad-glass-effect-no elementor-widget elementor-widget-spacer\" data-id=\"389038d\" data-element_type=\"widget\" data-e-type=\"widget\" data-widget_type=\"spacer.default\">\n\t\t\t\t<div class=\"elementor-widget-container\">\n\t\t\t\t\t\t\t<div class=\"elementor-spacer\">\n\t\t\t<div class=\"elementor-spacer-inner\"><\/div>\n\t\t<\/div>\n\t\t\t\t\t\t<\/div>\n\t\t\t\t<\/div>\n\t\t\t\t<div class=\"elementor-element elementor-element-40ab00a elementor-align-center elementor-icon-list--layout-traditional elementor-list-item-link-full_width exad-sticky-section-no exad-glass-effect-no elementor-widget elementor-widget-icon-list\" data-id=\"40ab00a\" data-element_type=\"widget\" data-e-type=\"widget\" data-widget_type=\"icon-list.default\">\n\t\t\t\t<div class=\"elementor-widget-container\">\n\t\t\t\t\t\t\t<ul class=\"elementor-icon-list-items\">\n\t\t\t\t\t\t\t<li class=\"elementor-icon-list-item\">\n\t\t\t\t\t\t\t\t\t\t<span class=\"elementor-icon-list-text\">V\u1eadt t\u01b0 ti\u00eau hao cho \u0111\u00fac<\/span>\n\t\t\t\t\t\t\t\t\t<\/li>\n\t\t\t\t\t\t<\/ul>\n\t\t\t\t\t\t<\/div>\n\t\t\t\t<\/div>\n\t\t\t\t\t<\/div>\n\t\t<\/div>\n\t\t\t\t\t<\/div>\n\t\t<\/section>\n\t\t\t\t<section class=\"elementor-section elementor-top-section elementor-element elementor-element-1e34c1f elementor-section-boxed elementor-section-height-default elementor-section-height-default exad-glass-effect-no wpr-particle-no wpr-jarallax-no wpr-parallax-no wpr-sticky-section-no exad-sticky-section-no\" data-id=\"1e34c1f\" data-element_type=\"section\" data-e-type=\"section\">\n\t\t\t\t\t\t<div class=\"elementor-container elementor-column-gap-default\">\n\t\t\t\t\t<div class=\"elementor-column elementor-col-50 elementor-top-column elementor-element elementor-element-87d2146 exad-glass-effect-no exad-sticky-section-no\" data-id=\"87d2146\" data-element_type=\"column\" data-e-type=\"column\">\n\t\t\t<div class=\"elementor-widget-wrap elementor-element-populated\">\n\t\t\t\t\t\t<div class=\"elementor-element elementor-element-b7b4b5c exad-sticky-section-no exad-glass-effect-no elementor-widget elementor-widget-image\" data-id=\"b7b4b5c\" data-element_type=\"widget\" data-e-type=\"widget\" data-widget_type=\"image.default\">\n\t\t\t\t<div class=\"elementor-widget-container\">\n\t\t\t\t\t\t\t\t\t\t\t\t\t\t\t<img fetchpriority=\"high\" decoding=\"async\" width=\"1024\" height=\"683\" src=\"https:\/\/protech-transfer.com\/wp-content\/uploads\/2024\/09\/Protech-Transfer-Casting-Consumables--1024x683.jpg\" class=\"attachment-large size-large wp-image-1687\" alt=\"Protech Transfer Casting Consumables\" srcset=\"https:\/\/protech-transfer.com\/wp-content\/uploads\/2024\/09\/Protech-Transfer-Casting-Consumables--1024x683.jpg 1024w, https:\/\/protech-transfer.com\/wp-content\/uploads\/2024\/09\/Protech-Transfer-Casting-Consumables--300x200.jpg 300w, https:\/\/protech-transfer.com\/wp-content\/uploads\/2024\/09\/Protech-Transfer-Casting-Consumables--768x512.jpg 768w, https:\/\/protech-transfer.com\/wp-content\/uploads\/2024\/09\/Protech-Transfer-Casting-Consumables-.jpg 1080w\" sizes=\"(max-width: 1024px) 100vw, 1024px\" \/>\t\t\t\t\t\t\t\t\t\t\t\t\t\t\t<\/div>\n\t\t\t\t<\/div>\n\t\t\t\t\t<\/div>\n\t\t<\/div>\n\t\t\t\t<div class=\"elementor-column elementor-col-50 elementor-top-column elementor-element elementor-element-1a590c8 exad-glass-effect-no exad-sticky-section-no\" data-id=\"1a590c8\" data-element_type=\"column\" data-e-type=\"column\">\n\t\t\t<div class=\"elementor-widget-wrap elementor-element-populated\">\n\t\t\t\t\t\t<div class=\"elementor-element elementor-element-82fda69 exad-sticky-section-no exad-glass-effect-no elementor-widget elementor-widget-heading\" data-id=\"82fda69\" data-element_type=\"widget\" data-e-type=\"widget\" data-widget_type=\"heading.default\">\n\t\t\t\t<div class=\"elementor-widget-container\">\n\t\t\t\t\t<p class=\"elementor-heading-title elementor-size-default\">V\u1eadt t\u01b0 \u0111\u00fac c\u1ee7a ch\u00fang t\u00f4i \u0111\u00f3ng vai tr\u00f2 quan tr\u1ecdng trong vi\u1ec7c t\u1ea1o ra trang s\u1ee9c ch\u1ea5t l\u01b0\u1ee3ng cao.Ch\u00fang \u0111\u01b0\u1ee3c thi\u1ebft k\u1ebf \u0111\u1ec3 ch\u1ecbu \u0111\u01b0\u1ee3c nhi\u1ec7t v\u00e0 \u00e1p l\u1ef1c trong qu\u00e1 tr\u00ecnh \u0111\u00fac, \u0111\u1ea3m b\u1ea3o b\u1ec1 m\u1eb7t m\u1ecbn v\u00e0 k\u1ebft qu\u1ea3 ch\u00ednh x\u00e1c m\u1ed7i l\u1ea7n.Ch\u00fang t\u00f4i cung c\u1ea5p c\u00e1c v\u1eadt t\u01b0 nh\u01b0 b\u1ed9 ph\u1eadn than ch\u00ec tinh khi\u1ebft cao v\u1edbi h\u00e0m l\u01b0\u1ee3ng tro th\u1ea5p \u0111\u1ec3 ng\u0103n ng\u1eeba t\u1ea1p ch\u1ea5t v\u00e0 v\u1ebft b\u1ea9n tr\u00ean trang s\u1ee9c c\u1ee7a b\u1ea1n, gio\u0103ng silicone ch\u1ecbu nhi\u1ec7t, v\u00e0 nhi\u1ec7t k\u1ebf c\u1eb7p nhi\u1ec7t (thermocouples) ch\u00ednh x\u00e1c.<\/p>\t\t\t\t<\/div>\n\t\t\t\t<\/div>\n\t\t\t\t<div class=\"elementor-element elementor-element-2ea63e8 exad-sticky-section-no exad-glass-effect-no elementor-widget elementor-widget-heading\" data-id=\"2ea63e8\" data-element_type=\"widget\" data-e-type=\"widget\" data-widget_type=\"heading.default\">\n\t\t\t\t<div class=\"elementor-widget-container\">\n\t\t\t\t\t<p class=\"elementor-heading-title elementor-size-default\">C\u00e1c lo\u1ea1i v\u1eadt t\u01b0 \u0111\u00fac n\u00e0y v\u00e0 nhi\u1ec1u s\u1ea3n ph\u1ea9m kh\u00e1c gi\u00fap gi\u1ea3m l\u1ed7i, ti\u1ebft ki\u1ec7m th\u1eddi gian v\u00e0 nguy\u00ean v\u1eadt li\u1ec7u.D\u00f9 b\u1ea1n l\u00e0m vi\u1ec7c v\u1edbi v\u00e0ng, b\u1ea1c hay kim lo\u1ea1i c\u00f4ng nghi\u1ec7p, s\u1ea3n ph\u1ea9m c\u1ee7a ch\u00fang t\u00f4i s\u1ebd gi\u00fap qu\u00e1 tr\u00ecnh \u0111\u00fac c\u1ee7a b\u1ea1n d\u1ec5 d\u00e0ng h\u01a1n v\u00e0 hi\u1ec7u qu\u1ea3 h\u01a1n.<\/p>\t\t\t\t<\/div>\n\t\t\t\t<\/div>\n\t\t\t\t\t<\/div>\n\t\t<\/div>\n\t\t\t\t\t<\/div>\n\t\t<\/section>\n\t\t\t\t<section class=\"elementor-section elementor-top-section elementor-element elementor-element-a325b0e elementor-section-boxed elementor-section-height-default elementor-section-height-default exad-glass-effect-no wpr-particle-no wpr-jarallax-no wpr-parallax-no wpr-sticky-section-no exad-sticky-section-no\" data-id=\"a325b0e\" data-element_type=\"section\" data-e-type=\"section\">\n\t\t\t\t\t\t<div class=\"elementor-container elementor-column-gap-default\">\n\t\t\t\t\t<div class=\"elementor-column elementor-col-100 elementor-top-column elementor-element elementor-element-ecb9cce exad-glass-effect-no exad-sticky-section-no\" data-id=\"ecb9cce\" data-element_type=\"column\" data-e-type=\"column\">\n\t\t\t<div class=\"elementor-widget-wrap elementor-element-populated\">\n\t\t\t\t\t\t<div class=\"elementor-element elementor-element-a7ccd62 exad-sticky-section-no exad-glass-effect-no elementor-widget elementor-widget-spacer\" data-id=\"a7ccd62\" data-element_type=\"widget\" data-e-type=\"widget\" data-widget_type=\"spacer.default\">\n\t\t\t\t<div class=\"elementor-widget-container\">\n\t\t\t\t\t\t\t<div class=\"elementor-spacer\">\n\t\t\t<div class=\"elementor-spacer-inner\"><\/div>\n\t\t<\/div>\n\t\t\t\t\t\t<\/div>\n\t\t\t\t<\/div>\n\t\t\t\t\t<\/div>\n\t\t<\/div>\n\t\t\t\t\t<\/div>\n\t\t<\/section>\n\t\t\t\t<\/div>\n\t\t","protected":false},"excerpt":{"rendered":"<p>V\u1eadt t\u01b0 ti\u00eau hao cho \u0111\u00fac V\u1eadt t\u01b0 \u0111\u00fac c\u1ee7a ch\u00fang t\u00f4i \u0111\u00f3ng vai tr\u00f2 quan tr\u1ecdng trong vi\u1ec7c t\u1ea1o ra trang s\u1ee9c ch\u1ea5t l\u01b0\u1ee3ng cao.Ch\u00fang \u0111\u01b0\u1ee3c thi\u1ebft k\u1ebf \u0111\u1ec3 ch\u1ecbu \u0111\u01b0\u1ee3c nhi\u1ec7t v\u00e0 \u00e1p l\u1ef1c trong qu\u00e1 tr\u00ecnh \u0111\u00fac, \u0111\u1ea3m b\u1ea3o b\u1ec1 m\u1eb7t m\u1ecbn v\u00e0 k\u1ebft qu\u1ea3 ch\u00ednh x\u00e1c m\u1ed7i l\u1ea7n.Ch\u00fang t\u00f4i cung c\u1ea5p c\u00e1c v\u1eadt t\u01b0 nh\u01b0 b\u1ed9 ph\u1eadn than ch\u00ec tinh khi\u1ebft cao v\u1edbi h\u00e0m l\u01b0\u1ee3ng tro th\u1ea5p \u0111\u1ec3 ng\u0103n ng\u1eeba t\u1ea1p ch\u1ea5t v\u00e0 v\u1ebft b\u1ea9n tr\u00ean trang s\u1ee9c c\u1ee7a b\u1ea1n, gio\u0103ng silicone ch\u1ecbu nhi\u1ec7t, v\u00e0 nhi\u1ec7t k\u1ebf c\u1eb7p nhi\u1ec7t (thermocouples) ch\u00ednh x\u00e1c. C\u00e1c lo\u1ea1i v\u1eadt t\u01b0 \u0111\u00fac n\u00e0y v\u00e0 nhi\u1ec1u s\u1ea3n ph\u1ea9m kh\u00e1c gi\u00fap gi\u1ea3m l\u1ed7i, ti\u1ebft ki\u1ec7m th\u1eddi gian v\u00e0 nguy\u00ean v\u1eadt li\u1ec7u.D\u00f9 b\u1ea1n l\u00e0m vi\u1ec7c v\u1edbi v\u00e0ng, b\u1ea1c hay kim lo\u1ea1i c\u00f4ng nghi\u1ec7p, s\u1ea3n ph\u1ea9m c\u1ee7a ch\u00fang t\u00f4i s\u1ebd gi\u00fap qu\u00e1 tr\u00ecnh \u0111\u00fac c\u1ee7a b\u1ea1n d\u1ec5 d\u00e0ng h\u01a1n v\u00e0 hi\u1ec7u qu\u1ea3 h\u01a1n.<\/p>\n","protected":false},"author":1,"featured_media":7055,"parent":0,"menu_order":0,"comment_status":"closed","ping_status":"closed","template":"elementor_header_footer","meta":{"site-sidebar-layout":"no-sidebar","site-content-layout":"","ast-site-content-layout":"full-width-container","site-content-style":"default","site-sidebar-style":"default","ast-global-header-display":"","ast-banner-title-visibility":"","ast-main-header-display":"","ast-hfb-above-header-display":"","ast-hfb-below-header-display":"","ast-hfb-mobile-header-display":"","site-post-title":"disabled","ast-breadcrumbs-content":"","ast-featured-img":"disabled","footer-sml-layout":"","ast-disable-related-posts":"","theme-transparent-header-meta":"default","adv-header-id-meta":"","stick-header-meta":"","header-above-stick-meta":"","header-main-stick-meta":"","header-below-stick-meta":"","astra-migrate-meta-layouts":"default","ast-page-background-enabled":"default","ast-page-background-meta":{"desktop":{"background-color":"var(--ast-global-color-4)","background-image":"","background-repeat":"repeat","background-position":"center center","background-size":"auto","background-attachment":"scroll","background-type":"","background-media":"","overlay-type":"","overlay-color":"","overlay-opacity":"","overlay-gradient":""},"tablet":{"background-color":"","background-image":"","background-repeat":"repeat","background-position":"center center","background-size":"auto","background-attachment":"scroll","background-type":"","background-media":"","overlay-type":"","overlay-color":"","overlay-opacity":"","overlay-gradient":""},"mobile":{"background-color":"","background-image":"","background-repeat":"repeat","background-position":"center center","background-size":"auto","background-attachment":"scroll","background-type":"","background-media":"","overlay-type":"","overlay-color":"","overlay-opacity":"","overlay-gradient":""}},"ast-content-background-meta":{"desktop":{"background-color":"var(--ast-global-color-5)","background-image":"","background-repeat":"repeat","background-position":"center center","background-size":"auto","background-attachment":"scroll","background-type":"","background-media":"","overlay-type":"","overlay-color":"","overlay-opacity":"","overlay-gradient":""},"tablet":{"background-color":"var(--ast-global-color-5)","background-image":"","background-repeat":"repeat","background-position":"center center","background-size":"auto","background-attachment":"scroll","background-type":"","background-media":"","overlay-type":"","overlay-color":"","overlay-opacity":"","overlay-gradient":""},"mobile":{"background-color":"var(--ast-global-color-5)","background-image":"","background-repeat":"repeat","background-position":"center center","background-size":"auto","background-attachment":"scroll","background-type":"","background-media":"","overlay-type":"","overlay-color":"","overlay-opacity":"","overlay-gradient":""}},"footnotes":""},"class_list":["post-7054","page","type-page","status-publish","has-post-thumbnail","hentry"],"yoast_head":"<!-- This site is optimized with the Yoast SEO plugin v26.9 - https:\/\/yoast.com\/product\/yoast-seo-wordpress\/ -->\n<title>Casting Consumables - Protech Transfer<\/title>\n<meta name=\"robots\" content=\"index, follow, max-snippet:-1, max-image-preview:large, max-video-preview:-1\" \/>\n<link rel=\"canonical\" href=\"https:\/\/protech-transfer.com\/vi\/casting-consumables\/\" \/>\n<meta property=\"og:locale\" content=\"vi_VN\" \/>\n<meta property=\"og:type\" content=\"article\" \/>\n<meta property=\"og:title\" content=\"Casting Consumables - Protech Transfer\" \/>\n<meta property=\"og:description\" content=\"V\u1eadt t\u01b0 ti\u00eau hao cho \u0111\u00fac V\u1eadt t\u01b0 \u0111\u00fac c\u1ee7a ch\u00fang t\u00f4i \u0111\u00f3ng vai tr\u00f2 quan tr\u1ecdng trong vi\u1ec7c t\u1ea1o ra trang s\u1ee9c ch\u1ea5t l\u01b0\u1ee3ng cao.Ch\u00fang \u0111\u01b0\u1ee3c thi\u1ebft k\u1ebf \u0111\u1ec3 ch\u1ecbu \u0111\u01b0\u1ee3c nhi\u1ec7t v\u00e0 \u00e1p l\u1ef1c trong qu\u00e1 tr\u00ecnh \u0111\u00fac, \u0111\u1ea3m b\u1ea3o b\u1ec1 m\u1eb7t m\u1ecbn v\u00e0 k\u1ebft qu\u1ea3 ch\u00ednh x\u00e1c m\u1ed7i l\u1ea7n.Ch\u00fang t\u00f4i cung c\u1ea5p c\u00e1c v\u1eadt t\u01b0 nh\u01b0 b\u1ed9 ph\u1eadn than ch\u00ec tinh khi\u1ebft cao v\u1edbi h\u00e0m l\u01b0\u1ee3ng tro th\u1ea5p \u0111\u1ec3 ng\u0103n ng\u1eeba t\u1ea1p ch\u1ea5t v\u00e0 v\u1ebft b\u1ea9n tr\u00ean trang s\u1ee9c c\u1ee7a b\u1ea1n, gio\u0103ng silicone ch\u1ecbu nhi\u1ec7t, v\u00e0 nhi\u1ec7t k\u1ebf c\u1eb7p nhi\u1ec7t (thermocouples) ch\u00ednh x\u00e1c. C\u00e1c lo\u1ea1i v\u1eadt t\u01b0 \u0111\u00fac n\u00e0y v\u00e0 nhi\u1ec1u s\u1ea3n ph\u1ea9m kh\u00e1c gi\u00fap gi\u1ea3m l\u1ed7i, ti\u1ebft ki\u1ec7m th\u1eddi gian v\u00e0 nguy\u00ean v\u1eadt li\u1ec7u.D\u00f9 b\u1ea1n l\u00e0m vi\u1ec7c v\u1edbi v\u00e0ng, b\u1ea1c hay kim lo\u1ea1i c\u00f4ng nghi\u1ec7p, s\u1ea3n ph\u1ea9m c\u1ee7a ch\u00fang t\u00f4i s\u1ebd gi\u00fap qu\u00e1 tr\u00ecnh \u0111\u00fac c\u1ee7a b\u1ea1n d\u1ec5 d\u00e0ng h\u01a1n v\u00e0 hi\u1ec7u qu\u1ea3 h\u01a1n.\" \/>\n<meta property=\"og:url\" content=\"https:\/\/protech-transfer.com\/vi\/casting-consumables\/\" \/>\n<meta property=\"og:site_name\" content=\"Protech Transfer\" \/>\n<meta property=\"article:modified_time\" content=\"2025-12-24T08:09:10+00:00\" \/>\n<meta property=\"og:image\" content=\"https:\/\/protech-transfer.com\/wp-content\/uploads\/2024\/09\/Protech-Transfer-Casting-Consumables-.jpg\" \/>\n\t<meta property=\"og:image:width\" content=\"1080\" \/>\n\t<meta property=\"og:image:height\" content=\"720\" \/>\n\t<meta property=\"og:image:type\" content=\"image\/jpeg\" \/>\n<meta name=\"twitter:card\" content=\"summary_large_image\" \/>\n<meta name=\"twitter:label1\" content=\"Est. reading time\" \/>\n\t<meta name=\"twitter:data1\" content=\"2 minutes\" \/>\n<script type=\"application\/ld+json\" class=\"yoast-schema-graph\">{\"@context\":\"https:\/\/schema.org\",\"@graph\":[{\"@type\":\"WebPage\",\"@id\":\"https:\/\/protech-transfer.com\/vi\/casting-consumables\/\",\"url\":\"https:\/\/protech-transfer.com\/vi\/casting-consumables\/\",\"name\":\"Casting Consumables - Protech Transfer\",\"isPartOf\":{\"@id\":\"https:\/\/protech-transfer.com\/vi\/#website\"},\"primaryImageOfPage\":{\"@id\":\"https:\/\/protech-transfer.com\/vi\/casting-consumables\/#primaryimage\"},\"image\":{\"@id\":\"https:\/\/protech-transfer.com\/vi\/casting-consumables\/#primaryimage\"},\"thumbnailUrl\":\"https:\/\/protech-transfer.com\/wp-content\/uploads\/2024\/09\/Protech-Transfer-Casting-Consumables-.jpg\",\"datePublished\":\"2024-09-25T07:38:48+00:00\",\"dateModified\":\"2025-12-24T08:09:10+00:00\",\"breadcrumb\":{\"@id\":\"https:\/\/protech-transfer.com\/vi\/casting-consumables\/#breadcrumb\"},\"inLanguage\":\"vi-VN\",\"potentialAction\":[{\"@type\":\"ReadAction\",\"target\":[\"https:\/\/protech-transfer.com\/vi\/casting-consumables\/\"]}]},{\"@type\":\"ImageObject\",\"inLanguage\":\"vi-VN\",\"@id\":\"https:\/\/protech-transfer.com\/vi\/casting-consumables\/#primaryimage\",\"url\":\"https:\/\/protech-transfer.com\/wp-content\/uploads\/2024\/09\/Protech-Transfer-Casting-Consumables-.jpg\",\"contentUrl\":\"https:\/\/protech-transfer.com\/wp-content\/uploads\/2024\/09\/Protech-Transfer-Casting-Consumables-.jpg\",\"width\":1080,\"height\":720,\"caption\":\"Protech Transfer Casting Consumables\"},{\"@type\":\"BreadcrumbList\",\"@id\":\"https:\/\/protech-transfer.com\/vi\/casting-consumables\/#breadcrumb\",\"itemListElement\":[{\"@type\":\"ListItem\",\"position\":1,\"name\":\"Home\",\"item\":\"https:\/\/protech-transfer.com\/vi\/\"},{\"@type\":\"ListItem\",\"position\":2,\"name\":\"Casting Consumables\"}]},{\"@type\":\"WebSite\",\"@id\":\"https:\/\/protech-transfer.com\/vi\/#website\",\"url\":\"https:\/\/protech-transfer.com\/vi\/\",\"name\":\"Protech Transfer\",\"description\":\"&quot;BEST MACHINERY, BEST SERVICE&quot;\",\"potentialAction\":[{\"@type\":\"SearchAction\",\"target\":{\"@type\":\"EntryPoint\",\"urlTemplate\":\"https:\/\/protech-transfer.com\/vi\/?s={search_term_string}\"},\"query-input\":{\"@type\":\"PropertyValueSpecification\",\"valueRequired\":true,\"valueName\":\"search_term_string\"}}],\"inLanguage\":\"vi-VN\"}]}<\/script>\n<!-- \/ Yoast SEO plugin. -->","yoast_head_json":{"title":"Casting Consumables - Protech Transfer","robots":{"index":"index","follow":"follow","max-snippet":"max-snippet:-1","max-image-preview":"max-image-preview:large","max-video-preview":"max-video-preview:-1"},"canonical":"https:\/\/protech-transfer.com\/vi\/casting-consumables\/","og_locale":"vi_VN","og_type":"article","og_title":"Casting Consumables - Protech Transfer","og_description":"V\u1eadt t\u01b0 ti\u00eau hao cho \u0111\u00fac V\u1eadt t\u01b0 \u0111\u00fac c\u1ee7a ch\u00fang t\u00f4i \u0111\u00f3ng vai tr\u00f2 quan tr\u1ecdng trong vi\u1ec7c t\u1ea1o ra trang s\u1ee9c ch\u1ea5t l\u01b0\u1ee3ng cao.Ch\u00fang \u0111\u01b0\u1ee3c thi\u1ebft k\u1ebf \u0111\u1ec3 ch\u1ecbu \u0111\u01b0\u1ee3c nhi\u1ec7t v\u00e0 \u00e1p l\u1ef1c trong qu\u00e1 tr\u00ecnh \u0111\u00fac, \u0111\u1ea3m b\u1ea3o b\u1ec1 m\u1eb7t m\u1ecbn v\u00e0 k\u1ebft qu\u1ea3 ch\u00ednh x\u00e1c m\u1ed7i l\u1ea7n.Ch\u00fang t\u00f4i cung c\u1ea5p c\u00e1c v\u1eadt t\u01b0 nh\u01b0 b\u1ed9 ph\u1eadn than ch\u00ec tinh khi\u1ebft cao v\u1edbi h\u00e0m l\u01b0\u1ee3ng tro th\u1ea5p \u0111\u1ec3 ng\u0103n ng\u1eeba t\u1ea1p ch\u1ea5t v\u00e0 v\u1ebft b\u1ea9n tr\u00ean trang s\u1ee9c c\u1ee7a b\u1ea1n, gio\u0103ng silicone ch\u1ecbu nhi\u1ec7t, v\u00e0 nhi\u1ec7t k\u1ebf c\u1eb7p nhi\u1ec7t (thermocouples) ch\u00ednh x\u00e1c. C\u00e1c lo\u1ea1i v\u1eadt t\u01b0 \u0111\u00fac n\u00e0y v\u00e0 nhi\u1ec1u s\u1ea3n ph\u1ea9m kh\u00e1c gi\u00fap gi\u1ea3m l\u1ed7i, ti\u1ebft ki\u1ec7m th\u1eddi gian v\u00e0 nguy\u00ean v\u1eadt li\u1ec7u.D\u00f9 b\u1ea1n l\u00e0m vi\u1ec7c v\u1edbi v\u00e0ng, b\u1ea1c hay kim lo\u1ea1i c\u00f4ng nghi\u1ec7p, s\u1ea3n ph\u1ea9m c\u1ee7a ch\u00fang t\u00f4i s\u1ebd gi\u00fap qu\u00e1 tr\u00ecnh \u0111\u00fac c\u1ee7a b\u1ea1n d\u1ec5 d\u00e0ng h\u01a1n v\u00e0 hi\u1ec7u qu\u1ea3 h\u01a1n.","og_url":"https:\/\/protech-transfer.com\/vi\/casting-consumables\/","og_site_name":"Protech Transfer","article_modified_time":"2025-12-24T08:09:10+00:00","og_image":[{"width":1080,"height":720,"url":"https:\/\/protech-transfer.com\/wp-content\/uploads\/2024\/09\/Protech-Transfer-Casting-Consumables-.jpg","type":"image\/jpeg"}],"twitter_card":"summary_large_image","twitter_misc":{"Est. reading time":"2 minutes"},"schema":{"@context":"https:\/\/schema.org","@graph":[{"@type":"WebPage","@id":"https:\/\/protech-transfer.com\/vi\/casting-consumables\/","url":"https:\/\/protech-transfer.com\/vi\/casting-consumables\/","name":"Casting Consumables - Protech Transfer","isPartOf":{"@id":"https:\/\/protech-transfer.com\/vi\/#website"},"primaryImageOfPage":{"@id":"https:\/\/protech-transfer.com\/vi\/casting-consumables\/#primaryimage"},"image":{"@id":"https:\/\/protech-transfer.com\/vi\/casting-consumables\/#primaryimage"},"thumbnailUrl":"https:\/\/protech-transfer.com\/wp-content\/uploads\/2024\/09\/Protech-Transfer-Casting-Consumables-.jpg","datePublished":"2024-09-25T07:38:48+00:00","dateModified":"2025-12-24T08:09:10+00:00","breadcrumb":{"@id":"https:\/\/protech-transfer.com\/vi\/casting-consumables\/#breadcrumb"},"inLanguage":"vi-VN","potentialAction":[{"@type":"ReadAction","target":["https:\/\/protech-transfer.com\/vi\/casting-consumables\/"]}]},{"@type":"ImageObject","inLanguage":"vi-VN","@id":"https:\/\/protech-transfer.com\/vi\/casting-consumables\/#primaryimage","url":"https:\/\/protech-transfer.com\/wp-content\/uploads\/2024\/09\/Protech-Transfer-Casting-Consumables-.jpg","contentUrl":"https:\/\/protech-transfer.com\/wp-content\/uploads\/2024\/09\/Protech-Transfer-Casting-Consumables-.jpg","width":1080,"height":720,"caption":"Protech Transfer Casting Consumables"},{"@type":"BreadcrumbList","@id":"https:\/\/protech-transfer.com\/vi\/casting-consumables\/#breadcrumb","itemListElement":[{"@type":"ListItem","position":1,"name":"Home","item":"https:\/\/protech-transfer.com\/vi\/"},{"@type":"ListItem","position":2,"name":"Casting Consumables"}]},{"@type":"WebSite","@id":"https:\/\/protech-transfer.com\/vi\/#website","url":"https:\/\/protech-transfer.com\/vi\/","name":"Protech Transfer","description":"&quot;BEST MACHINERY, BEST SERVICE&quot;","potentialAction":[{"@type":"SearchAction","target":{"@type":"EntryPoint","urlTemplate":"https:\/\/protech-transfer.com\/vi\/?s={search_term_string}"},"query-input":{"@type":"PropertyValueSpecification","valueRequired":true,"valueName":"search_term_string"}}],"inLanguage":"vi-VN"}]}},"_links":{"self":[{"href":"https:\/\/protech-transfer.com\/vi\/wp-json\/wp\/v2\/pages\/7054","targetHints":{"allow":["GET"]}}],"collection":[{"href":"https:\/\/protech-transfer.com\/vi\/wp-json\/wp\/v2\/pages"}],"about":[{"href":"https:\/\/protech-transfer.com\/vi\/wp-json\/wp\/v2\/types\/page"}],"author":[{"embeddable":true,"href":"https:\/\/protech-transfer.com\/vi\/wp-json\/wp\/v2\/users\/1"}],"replies":[{"embeddable":true,"href":"https:\/\/protech-transfer.com\/vi\/wp-json\/wp\/v2\/comments?post=7054"}],"version-history":[{"count":3,"href":"https:\/\/protech-transfer.com\/vi\/wp-json\/wp\/v2\/pages\/7054\/revisions"}],"predecessor-version":[{"id":7059,"href":"https:\/\/protech-transfer.com\/vi\/wp-json\/wp\/v2\/pages\/7054\/revisions\/7059"}],"wp:featuredmedia":[{"embeddable":true,"href":"https:\/\/protech-transfer.com\/vi\/wp-json\/wp\/v2\/media\/7055"}],"wp:attachment":[{"href":"https:\/\/protech-transfer.com\/vi\/wp-json\/wp\/v2\/media?parent=7054"}],"curies":[{"name":"wp","href":"https:\/\/api.w.org\/{rel}","templated":true}]}}