{"id":7049,"date":"2024-09-25T09:58:41","date_gmt":"2024-09-25T09:58:41","guid":{"rendered":"https:\/\/protech-transfer.com\/watch\/"},"modified":"2025-12-24T01:34:49","modified_gmt":"2025-12-24T01:34:49","slug":"watch","status":"publish","type":"page","link":"https:\/\/protech-transfer.com\/vi\/watch\/","title":{"rendered":"Watch"},"content":{"rendered":"\t\t<div data-elementor-type=\"wp-page\" data-elementor-id=\"7049\" class=\"elementor elementor-7049 elementor-1712\" data-elementor-post-type=\"page\">\n\t\t\t\t\t\t<section class=\"elementor-section elementor-top-section elementor-element elementor-element-f0a3006 elementor-section-content-top elementor-section-boxed elementor-section-height-default elementor-section-height-default exad-glass-effect-no wpr-particle-no wpr-jarallax-no wpr-parallax-no wpr-sticky-section-no exad-sticky-section-no\" data-id=\"f0a3006\" data-element_type=\"section\" data-e-type=\"section\" data-settings=\"{&quot;background_background&quot;:&quot;classic&quot;}\">\n\t\t\t\t\t\t<div class=\"elementor-container elementor-column-gap-no\">\n\t\t\t\t\t<div class=\"elementor-column elementor-col-100 elementor-top-column elementor-element elementor-element-d27a78d exad-glass-effect-no exad-sticky-section-no\" data-id=\"d27a78d\" data-element_type=\"column\" data-e-type=\"column\">\n\t\t\t<div class=\"elementor-widget-wrap elementor-element-populated\">\n\t\t\t\t\t\t<div class=\"elementor-element elementor-element-126ed19 exad-sticky-section-no exad-glass-effect-no elementor-widget elementor-widget-spacer\" data-id=\"126ed19\" data-element_type=\"widget\" data-e-type=\"widget\" data-widget_type=\"spacer.default\">\n\t\t\t\t<div class=\"elementor-widget-container\">\n\t\t\t\t\t\t\t<div class=\"elementor-spacer\">\n\t\t\t<div class=\"elementor-spacer-inner\"><\/div>\n\t\t<\/div>\n\t\t\t\t\t\t<\/div>\n\t\t\t\t<\/div>\n\t\t\t\t<div class=\"elementor-element elementor-element-b91ca24 elementor-arrows-position-outside exad-sticky-section-no exad-glass-effect-no elementor-widget elementor-widget-image-carousel\" data-id=\"b91ca24\" data-element_type=\"widget\" data-e-type=\"widget\" data-settings=\"{&quot;slides_to_show&quot;:&quot;1&quot;,&quot;navigation&quot;:&quot;arrows&quot;,&quot;autoplay&quot;:&quot;yes&quot;,&quot;pause_on_hover&quot;:&quot;yes&quot;,&quot;pause_on_interaction&quot;:&quot;yes&quot;,&quot;autoplay_speed&quot;:5000,&quot;infinite&quot;:&quot;yes&quot;,&quot;effect&quot;:&quot;slide&quot;,&quot;speed&quot;:500}\" data-widget_type=\"image-carousel.default\">\n\t\t\t\t<div class=\"elementor-widget-container\">\n\t\t\t\t\t\t\t<div class=\"elementor-image-carousel-wrapper swiper\" role=\"region\" aria-roledescription=\"carousel\" aria-label=\"Image Carousel\" dir=\"ltr\">\n\t\t\t<div class=\"elementor-image-carousel swiper-wrapper swiper-image-stretch\" aria-live=\"off\">\n\t\t\t\t\t\t\t\t<div class=\"swiper-slide\" role=\"group\" aria-roledescription=\"slide\" aria-label=\"1 of 4\"><figure class=\"swiper-slide-inner\"><img decoding=\"async\" class=\"swiper-slide-image\" src=\"https:\/\/protech-transfer.com\/wp-content\/uploads\/2024\/10\/Industrial-presentation-Watch_1-scaled.jpg\" alt=\"Industrial presentation (Watch) 1\" \/><\/figure><\/div><div class=\"swiper-slide\" role=\"group\" aria-roledescription=\"slide\" aria-label=\"2 of 4\"><figure class=\"swiper-slide-inner\"><img decoding=\"async\" class=\"swiper-slide-image\" src=\"https:\/\/protech-transfer.com\/wp-content\/uploads\/2024\/10\/Industrial-presentation-Watch_2-scaled.jpg\" alt=\"Industrial presentation (Watch) 2\" \/><\/figure><\/div><div class=\"swiper-slide\" role=\"group\" aria-roledescription=\"slide\" aria-label=\"3 of 4\"><figure class=\"swiper-slide-inner\"><img decoding=\"async\" class=\"swiper-slide-image\" src=\"https:\/\/protech-transfer.com\/wp-content\/uploads\/2024\/10\/Industrial-presentation-Watch_3-scaled.jpg\" alt=\"Industrial presentation (Watch) 3\" \/><\/figure><\/div><div class=\"swiper-slide\" role=\"group\" aria-roledescription=\"slide\" aria-label=\"4 of 4\"><figure class=\"swiper-slide-inner\"><img decoding=\"async\" class=\"swiper-slide-image\" src=\"https:\/\/protech-transfer.com\/wp-content\/uploads\/2024\/10\/Industrial-presentation-Watch_4-scaled.jpg\" alt=\"Industrial presentation (Watch) 4\" \/><\/figure><\/div>\t\t\t<\/div>\n\t\t\t\t\t\t\t\t\t\t\t\t<div class=\"elementor-swiper-button elementor-swiper-button-prev\" role=\"button\" tabindex=\"0\">\n\t\t\t\t\t\t<svg aria-hidden=\"true\" class=\"e-font-icon-svg e-eicon-chevron-left\" viewBox=\"0 0 1000 1000\" xmlns=\"http:\/\/www.w3.org\/2000\/svg\"><path d=\"M646 125C629 125 613 133 604 142L308 442C296 454 292 471 292 487 292 504 296 521 308 533L604 854C617 867 629 875 646 875 663 875 679 871 692 858 704 846 713 829 713 812 713 796 708 779 692 767L438 487 692 225C700 217 708 204 708 187 708 171 704 154 692 142 675 129 663 125 646 125Z\"><\/path><\/svg>\t\t\t\t\t<\/div>\n\t\t\t\t\t<div class=\"elementor-swiper-button elementor-swiper-button-next\" role=\"button\" tabindex=\"0\">\n\t\t\t\t\t\t<svg aria-hidden=\"true\" class=\"e-font-icon-svg e-eicon-chevron-right\" viewBox=\"0 0 1000 1000\" xmlns=\"http:\/\/www.w3.org\/2000\/svg\"><path d=\"M696 533C708 521 713 504 713 487 713 471 708 454 696 446L400 146C388 133 375 125 354 125 338 125 325 129 313 142 300 154 292 171 292 187 292 204 296 221 308 233L563 492 304 771C292 783 288 800 288 817 288 833 296 850 308 863 321 871 338 875 354 875 371 875 388 867 400 854L696 533Z\"><\/path><\/svg>\t\t\t\t\t<\/div>\n\t\t\t\t\n\t\t\t\t\t\t\t\t\t<\/div>\n\t\t\t\t\t\t<\/div>\n\t\t\t\t<\/div>\n\t\t\t\t\t<\/div>\n\t\t<\/div>\n\t\t\t\t\t<\/div>\n\t\t<\/section>\n\t\t\t\t<section class=\"elementor-section elementor-top-section elementor-element elementor-element-3b4773f31 elementor-section-content-middle elementor-section-boxed elementor-section-height-default elementor-section-height-default exad-glass-effect-no wpr-particle-no wpr-jarallax-no wpr-parallax-no wpr-sticky-section-no exad-sticky-section-no\" data-id=\"3b4773f31\" data-element_type=\"section\" data-e-type=\"section\">\n\t\t\t\t\t\t<div class=\"elementor-container elementor-column-gap-default\">\n\t\t\t\t\t<div class=\"elementor-column elementor-col-100 elementor-top-column elementor-element elementor-element-412fc47 exad-glass-effect-no exad-sticky-section-no\" data-id=\"412fc47\" data-element_type=\"column\" data-e-type=\"column\">\n\t\t\t<div class=\"elementor-widget-wrap elementor-element-populated\">\n\t\t\t\t\t\t<div class=\"elementor-element elementor-element-40ab00a elementor-align-center elementor-icon-list--layout-inline elementor-list-item-link-full_width exad-sticky-section-no exad-glass-effect-no elementor-widget elementor-widget-icon-list\" data-id=\"40ab00a\" data-element_type=\"widget\" data-e-type=\"widget\" data-widget_type=\"icon-list.default\">\n\t\t\t\t<div class=\"elementor-widget-container\">\n\t\t\t\t\t\t\t<ul class=\"elementor-icon-list-items elementor-inline-items\">\n\t\t\t\t\t\t\t<li class=\"elementor-icon-list-item elementor-inline-item\">\n\t\t\t\t\t\t\t\t\t\t<span class=\"elementor-icon-list-text\">Watch<\/span>\n\t\t\t\t\t\t\t\t\t<\/li>\n\t\t\t\t\t\t<\/ul>\n\t\t\t\t\t\t<\/div>\n\t\t\t\t<\/div>\n\t\t\t\t\t<\/div>\n\t\t<\/div>\n\t\t\t\t\t<\/div>\n\t\t<\/section>\n\t\t\t\t<section class=\"elementor-section elementor-top-section elementor-element elementor-element-1e34c1f elementor-section-boxed elementor-section-height-default elementor-section-height-default exad-glass-effect-no wpr-particle-no wpr-jarallax-no wpr-parallax-no wpr-sticky-section-no exad-sticky-section-no\" data-id=\"1e34c1f\" data-element_type=\"section\" data-e-type=\"section\">\n\t\t\t\t\t\t<div class=\"elementor-container elementor-column-gap-default\">\n\t\t\t\t\t<div class=\"elementor-column elementor-col-100 elementor-top-column elementor-element elementor-element-87d2146 exad-glass-effect-no exad-sticky-section-no\" data-id=\"87d2146\" data-element_type=\"column\" data-e-type=\"column\">\n\t\t\t<div class=\"elementor-widget-wrap elementor-element-populated\">\n\t\t\t\t\t\t<div class=\"elementor-element elementor-element-56c6749 exad-sticky-section-no exad-glass-effect-no elementor-widget elementor-widget-heading\" data-id=\"56c6749\" data-element_type=\"widget\" data-e-type=\"widget\" data-widget_type=\"heading.default\">\n\t\t\t\t<div class=\"elementor-widget-container\">\n\t\t\t\t\t<h2 class=\"elementor-heading-title elementor-size-default\">Gi\u1ea3i ph\u00e1p ng\u00e0nh \u0110\u1ed3ng h\u1ed3 \u2013 \u0110\u1ed9 ch\u00ednh x\u00e1c cho Ngh\u1ec7 thu\u1eadt Ch\u1ebf t\u00e1c Tinh x\u1ea3o<\/h2>\t\t\t\t<\/div>\n\t\t\t\t<\/div>\n\t\t\t\t<div class=\"elementor-element elementor-element-8270b0a elementor-widget-divider--view-line exad-sticky-section-no exad-glass-effect-no elementor-widget elementor-widget-divider\" data-id=\"8270b0a\" data-element_type=\"widget\" data-e-type=\"widget\" data-widget_type=\"divider.default\">\n\t\t\t\t<div class=\"elementor-widget-container\">\n\t\t\t\t\t\t\t<div class=\"elementor-divider\">\n\t\t\t<span class=\"elementor-divider-separator\">\n\t\t\t\t\t\t<\/span>\n\t\t<\/div>\n\t\t\t\t\t\t<\/div>\n\t\t\t\t<\/div>\n\t\t\t\t<div class=\"elementor-element elementor-element-a5b820e exad-sticky-section-no exad-glass-effect-no elementor-widget elementor-widget-heading\" data-id=\"a5b820e\" data-element_type=\"widget\" data-e-type=\"widget\" data-widget_type=\"heading.default\">\n\t\t\t\t<div class=\"elementor-widget-container\">\n\t\t\t\t\t<p class=\"elementor-heading-title elementor-size-default\">T\u1ea1i Protech Transfer, ch\u00fang t\u00f4i cung c\u1ea5p c\u00e1c d\u00f2ng m\u00e1y ti\u00ean ti\u1ebfn d\u00e0nh cho s\u1ea3n xu\u1ea5t \u0111\u1ed3ng h\u1ed3.Thi\u1ebft b\u1ecb c\u1ee7a ch\u00fang t\u00f4i ho\u00e0n h\u1ea3o cho vi\u1ec7c \u0111\u00e1nh b\u00f3ng, ho\u00e0n thi\u1ec7n v\u00e0 gia c\u00f4ng chi ti\u1ebft nh\u1eefng b\u1ed9 ph\u1eadn nh\u1ecf v\u00e0 tinh x\u1ea3o.<\/p>\t\t\t\t<\/div>\n\t\t\t\t<\/div>\n\t\t\t\t<div class=\"elementor-element elementor-element-b714ee6 exad-sticky-section-no exad-glass-effect-no elementor-widget elementor-widget-heading\" data-id=\"b714ee6\" data-element_type=\"widget\" data-e-type=\"widget\" data-widget_type=\"heading.default\">\n\t\t\t\t<div class=\"elementor-widget-container\">\n\t\t\t\t\t<p class=\"elementor-heading-title elementor-size-default\">V\u1edbi c\u00e1c gi\u1ea3i ph\u00e1p n\u00e0y, b\u1ea1n c\u00f3 th\u1ec3 t\u1ea1o ra nh\u1eefng chi\u1ebfc \u0111\u1ed3ng h\u1ed3 ch\u1ea5t l\u01b0\u1ee3ng cao v\u1edbi \u0111\u1ed9 ch\u00ednh x\u00e1c v\u00e0 s\u1ef1 ch\u0103m ch\u00fat t\u1ed1i \u0111a.D\u00f9 b\u1ea1n \u0111ang l\u00e0m v\u1ecf \u0111\u1ed3ng h\u1ed3, b\u00e1nh r\u0103ng hay c\u00e1c chi ti\u1ebft nh\u1ecf kh\u00e1c, m\u00e1y m\u00f3c c\u1ee7a ch\u00fang t\u00f4i s\u1ebd gi\u00fap b\u1ea1n \u0111\u1ea1t \u0111\u01b0\u1ee3c b\u1ec1 m\u1eb7t ho\u00e0n thi\u1ec7n ho\u00e0n h\u1ea3o m\u1ed7i l\u1ea7n s\u1ea3n xu\u1ea5t.<\/p>\t\t\t\t<\/div>\n\t\t\t\t<\/div>\n\t\t\t\t\t<\/div>\n\t\t<\/div>\n\t\t\t\t\t<\/div>\n\t\t<\/section>\n\t\t\t\t<section class=\"elementor-section elementor-top-section elementor-element elementor-element-a325b0e elementor-section-boxed elementor-section-height-default elementor-section-height-default exad-glass-effect-no wpr-particle-no wpr-jarallax-no wpr-parallax-no wpr-sticky-section-no exad-sticky-section-no\" data-id=\"a325b0e\" data-element_type=\"section\" data-e-type=\"section\">\n\t\t\t\t\t\t<div class=\"elementor-container elementor-column-gap-default\">\n\t\t\t\t\t<div class=\"elementor-column elementor-col-100 elementor-top-column elementor-element elementor-element-ecb9cce exad-glass-effect-no exad-sticky-section-no\" data-id=\"ecb9cce\" data-element_type=\"column\" data-e-type=\"column\">\n\t\t\t<div class=\"elementor-widget-wrap elementor-element-populated\">\n\t\t\t\t\t\t<div class=\"elementor-element elementor-element-a7ccd62 exad-sticky-section-no exad-glass-effect-no elementor-widget elementor-widget-spacer\" data-id=\"a7ccd62\" data-element_type=\"widget\" data-e-type=\"widget\" data-widget_type=\"spacer.default\">\n\t\t\t\t<div class=\"elementor-widget-container\">\n\t\t\t\t\t\t\t<div class=\"elementor-spacer\">\n\t\t\t<div class=\"elementor-spacer-inner\"><\/div>\n\t\t<\/div>\n\t\t\t\t\t\t<\/div>\n\t\t\t\t<\/div>\n\t\t\t\t\t<\/div>\n\t\t<\/div>\n\t\t\t\t\t<\/div>\n\t\t<\/section>\n\t\t\t\t<\/div>\n\t\t","protected":false},"excerpt":{"rendered":"<p>Watch Gi\u1ea3i ph\u00e1p ng\u00e0nh \u0110\u1ed3ng h\u1ed3 \u2013 \u0110\u1ed9 ch\u00ednh x\u00e1c cho Ngh\u1ec7 thu\u1eadt Ch\u1ebf t\u00e1c Tinh x\u1ea3o T\u1ea1i Protech Transfer, ch\u00fang t\u00f4i cung c\u1ea5p c\u00e1c d\u00f2ng m\u00e1y ti\u00ean ti\u1ebfn d\u00e0nh cho s\u1ea3n xu\u1ea5t \u0111\u1ed3ng h\u1ed3.Thi\u1ebft b\u1ecb c\u1ee7a ch\u00fang t\u00f4i ho\u00e0n h\u1ea3o cho vi\u1ec7c \u0111\u00e1nh b\u00f3ng, ho\u00e0n thi\u1ec7n v\u00e0 gia c\u00f4ng chi ti\u1ebft nh\u1eefng b\u1ed9 ph\u1eadn nh\u1ecf v\u00e0 tinh x\u1ea3o. V\u1edbi c\u00e1c gi\u1ea3i ph\u00e1p n\u00e0y, b\u1ea1n c\u00f3 th\u1ec3 t\u1ea1o ra nh\u1eefng chi\u1ebfc \u0111\u1ed3ng h\u1ed3 ch\u1ea5t l\u01b0\u1ee3ng cao v\u1edbi \u0111\u1ed9 ch\u00ednh x\u00e1c v\u00e0 s\u1ef1 ch\u0103m ch\u00fat t\u1ed1i \u0111a.D\u00f9 b\u1ea1n \u0111ang l\u00e0m v\u1ecf \u0111\u1ed3ng h\u1ed3, b\u00e1nh r\u0103ng hay c\u00e1c chi ti\u1ebft nh\u1ecf kh\u00e1c, m\u00e1y m\u00f3c c\u1ee7a ch\u00fang t\u00f4i s\u1ebd gi\u00fap b\u1ea1n \u0111\u1ea1t \u0111\u01b0\u1ee3c b\u1ec1 m\u1eb7t ho\u00e0n thi\u1ec7n ho\u00e0n h\u1ea3o m\u1ed7i l\u1ea7n s\u1ea3n xu\u1ea5t.<\/p>\n","protected":false},"author":1,"featured_media":7050,"parent":0,"menu_order":0,"comment_status":"closed","ping_status":"closed","template":"elementor_header_footer","meta":{"site-sidebar-layout":"no-sidebar","site-content-layout":"","ast-site-content-layout":"full-width-container","site-content-style":"default","site-sidebar-style":"default","ast-global-header-display":"","ast-banner-title-visibility":"","ast-main-header-display":"","ast-hfb-above-header-display":"","ast-hfb-below-header-display":"","ast-hfb-mobile-header-display":"","site-post-title":"disabled","ast-breadcrumbs-content":"","ast-featured-img":"disabled","footer-sml-layout":"","ast-disable-related-posts":"","theme-transparent-header-meta":"default","adv-header-id-meta":"","stick-header-meta":"","header-above-stick-meta":"","header-main-stick-meta":"","header-below-stick-meta":"","astra-migrate-meta-layouts":"default","ast-page-background-enabled":"default","ast-page-background-meta":{"desktop":{"background-color":"var(--ast-global-color-4)","background-image":"","background-repeat":"repeat","background-position":"center center","background-size":"auto","background-attachment":"scroll","background-type":"","background-media":"","overlay-type":"","overlay-color":"","overlay-opacity":"","overlay-gradient":""},"tablet":{"background-color":"","background-image":"","background-repeat":"repeat","background-position":"center center","background-size":"auto","background-attachment":"scroll","background-type":"","background-media":"","overlay-type":"","overlay-color":"","overlay-opacity":"","overlay-gradient":""},"mobile":{"background-color":"","background-image":"","background-repeat":"repeat","background-position":"center center","background-size":"auto","background-attachment":"scroll","background-type":"","background-media":"","overlay-type":"","overlay-color":"","overlay-opacity":"","overlay-gradient":""}},"ast-content-background-meta":{"desktop":{"background-color":"var(--ast-global-color-5)","background-image":"","background-repeat":"repeat","background-position":"center center","background-size":"auto","background-attachment":"scroll","background-type":"","background-media":"","overlay-type":"","overlay-color":"","overlay-opacity":"","overlay-gradient":""},"tablet":{"background-color":"var(--ast-global-color-5)","background-image":"","background-repeat":"repeat","background-position":"center center","background-size":"auto","background-attachment":"scroll","background-type":"","background-media":"","overlay-type":"","overlay-color":"","overlay-opacity":"","overlay-gradient":""},"mobile":{"background-color":"var(--ast-global-color-5)","background-image":"","background-repeat":"repeat","background-position":"center center","background-size":"auto","background-attachment":"scroll","background-type":"","background-media":"","overlay-type":"","overlay-color":"","overlay-opacity":"","overlay-gradient":""}},"footnotes":""},"class_list":["post-7049","page","type-page","status-publish","has-post-thumbnail","hentry"],"yoast_head":"<!-- This site is optimized with the Yoast SEO plugin v26.9 - https:\/\/yoast.com\/product\/yoast-seo-wordpress\/ -->\n<title>Watch - Protech Transfer<\/title>\n<meta name=\"robots\" content=\"index, follow, max-snippet:-1, max-image-preview:large, max-video-preview:-1\" \/>\n<link rel=\"canonical\" href=\"https:\/\/protech-transfer.com\/vi\/watch\/\" \/>\n<meta property=\"og:locale\" content=\"vi_VN\" \/>\n<meta property=\"og:type\" content=\"article\" \/>\n<meta property=\"og:title\" content=\"Watch - Protech Transfer\" \/>\n<meta property=\"og:description\" content=\"Watch Gi\u1ea3i ph\u00e1p ng\u00e0nh \u0110\u1ed3ng h\u1ed3 \u2013 \u0110\u1ed9 ch\u00ednh x\u00e1c cho Ngh\u1ec7 thu\u1eadt Ch\u1ebf t\u00e1c Tinh x\u1ea3o T\u1ea1i Protech Transfer, ch\u00fang t\u00f4i cung c\u1ea5p c\u00e1c d\u00f2ng m\u00e1y ti\u00ean ti\u1ebfn d\u00e0nh cho s\u1ea3n xu\u1ea5t \u0111\u1ed3ng h\u1ed3.Thi\u1ebft b\u1ecb c\u1ee7a ch\u00fang t\u00f4i ho\u00e0n h\u1ea3o cho vi\u1ec7c \u0111\u00e1nh b\u00f3ng, ho\u00e0n thi\u1ec7n v\u00e0 gia c\u00f4ng chi ti\u1ebft nh\u1eefng b\u1ed9 ph\u1eadn nh\u1ecf v\u00e0 tinh x\u1ea3o. V\u1edbi c\u00e1c gi\u1ea3i ph\u00e1p n\u00e0y, b\u1ea1n c\u00f3 th\u1ec3 t\u1ea1o ra nh\u1eefng chi\u1ebfc \u0111\u1ed3ng h\u1ed3 ch\u1ea5t l\u01b0\u1ee3ng cao v\u1edbi \u0111\u1ed9 ch\u00ednh x\u00e1c v\u00e0 s\u1ef1 ch\u0103m ch\u00fat t\u1ed1i \u0111a.D\u00f9 b\u1ea1n \u0111ang l\u00e0m v\u1ecf \u0111\u1ed3ng h\u1ed3, b\u00e1nh r\u0103ng hay c\u00e1c chi ti\u1ebft nh\u1ecf kh\u00e1c, m\u00e1y m\u00f3c c\u1ee7a ch\u00fang t\u00f4i s\u1ebd gi\u00fap b\u1ea1n \u0111\u1ea1t \u0111\u01b0\u1ee3c b\u1ec1 m\u1eb7t ho\u00e0n thi\u1ec7n ho\u00e0n h\u1ea3o m\u1ed7i l\u1ea7n s\u1ea3n xu\u1ea5t.\" \/>\n<meta property=\"og:url\" content=\"https:\/\/protech-transfer.com\/vi\/watch\/\" \/>\n<meta property=\"og:site_name\" content=\"Protech Transfer\" \/>\n<meta property=\"article:modified_time\" content=\"2025-12-24T01:34:49+00:00\" \/>\n<meta property=\"og:image\" content=\"https:\/\/protech-transfer.com\/wp-content\/uploads\/2024\/09\/Protech-Transfer-Watches-Machines-2.jpg\" \/>\n\t<meta property=\"og:image:width\" content=\"1080\" \/>\n\t<meta property=\"og:image:height\" content=\"608\" \/>\n\t<meta property=\"og:image:type\" content=\"image\/jpeg\" \/>\n<meta name=\"twitter:card\" content=\"summary_large_image\" \/>\n<meta name=\"twitter:label1\" content=\"Est. reading time\" \/>\n\t<meta name=\"twitter:data1\" content=\"2 minutes\" \/>\n<script type=\"application\/ld+json\" class=\"yoast-schema-graph\">{\"@context\":\"https:\/\/schema.org\",\"@graph\":[{\"@type\":\"WebPage\",\"@id\":\"https:\/\/protech-transfer.com\/vi\/watch\/\",\"url\":\"https:\/\/protech-transfer.com\/vi\/watch\/\",\"name\":\"Watch - Protech Transfer\",\"isPartOf\":{\"@id\":\"https:\/\/protech-transfer.com\/vi\/#website\"},\"primaryImageOfPage\":{\"@id\":\"https:\/\/protech-transfer.com\/vi\/watch\/#primaryimage\"},\"image\":{\"@id\":\"https:\/\/protech-transfer.com\/vi\/watch\/#primaryimage\"},\"thumbnailUrl\":\"https:\/\/protech-transfer.com\/wp-content\/uploads\/2024\/09\/Protech-Transfer-Watches-Machines-2.jpg\",\"datePublished\":\"2024-09-25T09:58:41+00:00\",\"dateModified\":\"2025-12-24T01:34:49+00:00\",\"breadcrumb\":{\"@id\":\"https:\/\/protech-transfer.com\/vi\/watch\/#breadcrumb\"},\"inLanguage\":\"vi-VN\",\"potentialAction\":[{\"@type\":\"ReadAction\",\"target\":[\"https:\/\/protech-transfer.com\/vi\/watch\/\"]}]},{\"@type\":\"ImageObject\",\"inLanguage\":\"vi-VN\",\"@id\":\"https:\/\/protech-transfer.com\/vi\/watch\/#primaryimage\",\"url\":\"https:\/\/protech-transfer.com\/wp-content\/uploads\/2024\/09\/Protech-Transfer-Watches-Machines-2.jpg\",\"contentUrl\":\"https:\/\/protech-transfer.com\/wp-content\/uploads\/2024\/09\/Protech-Transfer-Watches-Machines-2.jpg\",\"width\":1080,\"height\":608,\"caption\":\"Protech Transfer Watches Machines (2)\"},{\"@type\":\"BreadcrumbList\",\"@id\":\"https:\/\/protech-transfer.com\/vi\/watch\/#breadcrumb\",\"itemListElement\":[{\"@type\":\"ListItem\",\"position\":1,\"name\":\"Home\",\"item\":\"https:\/\/protech-transfer.com\/vi\/\"},{\"@type\":\"ListItem\",\"position\":2,\"name\":\"Watch\"}]},{\"@type\":\"WebSite\",\"@id\":\"https:\/\/protech-transfer.com\/vi\/#website\",\"url\":\"https:\/\/protech-transfer.com\/vi\/\",\"name\":\"Protech Transfer\",\"description\":\"&quot;BEST MACHINERY, BEST SERVICE&quot;\",\"potentialAction\":[{\"@type\":\"SearchAction\",\"target\":{\"@type\":\"EntryPoint\",\"urlTemplate\":\"https:\/\/protech-transfer.com\/vi\/?s={search_term_string}\"},\"query-input\":{\"@type\":\"PropertyValueSpecification\",\"valueRequired\":true,\"valueName\":\"search_term_string\"}}],\"inLanguage\":\"vi-VN\"}]}<\/script>\n<!-- \/ Yoast SEO plugin. -->","yoast_head_json":{"title":"Watch - Protech Transfer","robots":{"index":"index","follow":"follow","max-snippet":"max-snippet:-1","max-image-preview":"max-image-preview:large","max-video-preview":"max-video-preview:-1"},"canonical":"https:\/\/protech-transfer.com\/vi\/watch\/","og_locale":"vi_VN","og_type":"article","og_title":"Watch - Protech Transfer","og_description":"Watch Gi\u1ea3i ph\u00e1p ng\u00e0nh \u0110\u1ed3ng h\u1ed3 \u2013 \u0110\u1ed9 ch\u00ednh x\u00e1c cho Ngh\u1ec7 thu\u1eadt Ch\u1ebf t\u00e1c Tinh x\u1ea3o T\u1ea1i Protech Transfer, ch\u00fang t\u00f4i cung c\u1ea5p c\u00e1c d\u00f2ng m\u00e1y ti\u00ean ti\u1ebfn d\u00e0nh cho s\u1ea3n xu\u1ea5t \u0111\u1ed3ng h\u1ed3.Thi\u1ebft b\u1ecb c\u1ee7a ch\u00fang t\u00f4i ho\u00e0n h\u1ea3o cho vi\u1ec7c \u0111\u00e1nh b\u00f3ng, ho\u00e0n thi\u1ec7n v\u00e0 gia c\u00f4ng chi ti\u1ebft nh\u1eefng b\u1ed9 ph\u1eadn nh\u1ecf v\u00e0 tinh x\u1ea3o. V\u1edbi c\u00e1c gi\u1ea3i ph\u00e1p n\u00e0y, b\u1ea1n c\u00f3 th\u1ec3 t\u1ea1o ra nh\u1eefng chi\u1ebfc \u0111\u1ed3ng h\u1ed3 ch\u1ea5t l\u01b0\u1ee3ng cao v\u1edbi \u0111\u1ed9 ch\u00ednh x\u00e1c v\u00e0 s\u1ef1 ch\u0103m ch\u00fat t\u1ed1i \u0111a.D\u00f9 b\u1ea1n \u0111ang l\u00e0m v\u1ecf \u0111\u1ed3ng h\u1ed3, b\u00e1nh r\u0103ng hay c\u00e1c chi ti\u1ebft nh\u1ecf kh\u00e1c, m\u00e1y m\u00f3c c\u1ee7a ch\u00fang t\u00f4i s\u1ebd gi\u00fap b\u1ea1n \u0111\u1ea1t \u0111\u01b0\u1ee3c b\u1ec1 m\u1eb7t ho\u00e0n thi\u1ec7n ho\u00e0n h\u1ea3o m\u1ed7i l\u1ea7n s\u1ea3n xu\u1ea5t.","og_url":"https:\/\/protech-transfer.com\/vi\/watch\/","og_site_name":"Protech Transfer","article_modified_time":"2025-12-24T01:34:49+00:00","og_image":[{"width":1080,"height":608,"url":"https:\/\/protech-transfer.com\/wp-content\/uploads\/2024\/09\/Protech-Transfer-Watches-Machines-2.jpg","type":"image\/jpeg"}],"twitter_card":"summary_large_image","twitter_misc":{"Est. reading time":"2 minutes"},"schema":{"@context":"https:\/\/schema.org","@graph":[{"@type":"WebPage","@id":"https:\/\/protech-transfer.com\/vi\/watch\/","url":"https:\/\/protech-transfer.com\/vi\/watch\/","name":"Watch - Protech Transfer","isPartOf":{"@id":"https:\/\/protech-transfer.com\/vi\/#website"},"primaryImageOfPage":{"@id":"https:\/\/protech-transfer.com\/vi\/watch\/#primaryimage"},"image":{"@id":"https:\/\/protech-transfer.com\/vi\/watch\/#primaryimage"},"thumbnailUrl":"https:\/\/protech-transfer.com\/wp-content\/uploads\/2024\/09\/Protech-Transfer-Watches-Machines-2.jpg","datePublished":"2024-09-25T09:58:41+00:00","dateModified":"2025-12-24T01:34:49+00:00","breadcrumb":{"@id":"https:\/\/protech-transfer.com\/vi\/watch\/#breadcrumb"},"inLanguage":"vi-VN","potentialAction":[{"@type":"ReadAction","target":["https:\/\/protech-transfer.com\/vi\/watch\/"]}]},{"@type":"ImageObject","inLanguage":"vi-VN","@id":"https:\/\/protech-transfer.com\/vi\/watch\/#primaryimage","url":"https:\/\/protech-transfer.com\/wp-content\/uploads\/2024\/09\/Protech-Transfer-Watches-Machines-2.jpg","contentUrl":"https:\/\/protech-transfer.com\/wp-content\/uploads\/2024\/09\/Protech-Transfer-Watches-Machines-2.jpg","width":1080,"height":608,"caption":"Protech Transfer Watches Machines (2)"},{"@type":"BreadcrumbList","@id":"https:\/\/protech-transfer.com\/vi\/watch\/#breadcrumb","itemListElement":[{"@type":"ListItem","position":1,"name":"Home","item":"https:\/\/protech-transfer.com\/vi\/"},{"@type":"ListItem","position":2,"name":"Watch"}]},{"@type":"WebSite","@id":"https:\/\/protech-transfer.com\/vi\/#website","url":"https:\/\/protech-transfer.com\/vi\/","name":"Protech Transfer","description":"&quot;BEST MACHINERY, BEST SERVICE&quot;","potentialAction":[{"@type":"SearchAction","target":{"@type":"EntryPoint","urlTemplate":"https:\/\/protech-transfer.com\/vi\/?s={search_term_string}"},"query-input":{"@type":"PropertyValueSpecification","valueRequired":true,"valueName":"search_term_string"}}],"inLanguage":"vi-VN"}]}},"_links":{"self":[{"href":"https:\/\/protech-transfer.com\/vi\/wp-json\/wp\/v2\/pages\/7049","targetHints":{"allow":["GET"]}}],"collection":[{"href":"https:\/\/protech-transfer.com\/vi\/wp-json\/wp\/v2\/pages"}],"about":[{"href":"https:\/\/protech-transfer.com\/vi\/wp-json\/wp\/v2\/types\/page"}],"author":[{"embeddable":true,"href":"https:\/\/protech-transfer.com\/vi\/wp-json\/wp\/v2\/users\/1"}],"replies":[{"embeddable":true,"href":"https:\/\/protech-transfer.com\/vi\/wp-json\/wp\/v2\/comments?post=7049"}],"version-history":[{"count":3,"href":"https:\/\/protech-transfer.com\/vi\/wp-json\/wp\/v2\/pages\/7049\/revisions"}],"predecessor-version":[{"id":7053,"href":"https:\/\/protech-transfer.com\/vi\/wp-json\/wp\/v2\/pages\/7049\/revisions\/7053"}],"wp:featuredmedia":[{"embeddable":true,"href":"https:\/\/protech-transfer.com\/vi\/wp-json\/wp\/v2\/media\/7050"}],"wp:attachment":[{"href":"https:\/\/protech-transfer.com\/vi\/wp-json\/wp\/v2\/media?parent=7049"}],"curies":[{"name":"wp","href":"https:\/\/api.w.org\/{rel}","templated":true}]}}