{"id":7017,"date":"2024-09-22T16:23:10","date_gmt":"2024-09-22T16:23:10","guid":{"rendered":"https:\/\/protech-transfer.com\/medical\/"},"modified":"2025-12-23T17:14:17","modified_gmt":"2025-12-23T17:14:17","slug":"medical","status":"publish","type":"page","link":"https:\/\/protech-transfer.com\/vi\/medical\/","title":{"rendered":"Medical"},"content":{"rendered":"\t\t<div data-elementor-type=\"wp-page\" data-elementor-id=\"7017\" class=\"elementor elementor-7017 elementor-1594\" data-elementor-post-type=\"page\">\n\t\t\t\t\t\t<section class=\"elementor-section elementor-top-section elementor-element elementor-element-f0a3006 elementor-section-content-top elementor-section-boxed elementor-section-height-default elementor-section-height-default exad-glass-effect-no wpr-particle-no wpr-jarallax-no wpr-parallax-no wpr-sticky-section-no exad-sticky-section-no\" data-id=\"f0a3006\" data-element_type=\"section\" data-e-type=\"section\" data-settings=\"{&quot;background_background&quot;:&quot;classic&quot;}\">\n\t\t\t\t\t\t<div class=\"elementor-container elementor-column-gap-no\">\n\t\t\t\t\t<div class=\"elementor-column elementor-col-100 elementor-top-column elementor-element elementor-element-d27a78d exad-glass-effect-no exad-sticky-section-no\" data-id=\"d27a78d\" data-element_type=\"column\" data-e-type=\"column\">\n\t\t\t<div class=\"elementor-widget-wrap elementor-element-populated\">\n\t\t\t\t\t\t<div class=\"elementor-element elementor-element-0b70c7c exad-sticky-section-no exad-glass-effect-no elementor-widget elementor-widget-spacer\" data-id=\"0b70c7c\" data-element_type=\"widget\" data-e-type=\"widget\" data-widget_type=\"spacer.default\">\n\t\t\t\t<div class=\"elementor-widget-container\">\n\t\t\t\t\t\t\t<div class=\"elementor-spacer\">\n\t\t\t<div class=\"elementor-spacer-inner\"><\/div>\n\t\t<\/div>\n\t\t\t\t\t\t<\/div>\n\t\t\t\t<\/div>\n\t\t\t\t<div class=\"elementor-element elementor-element-b91ca24 elementor-arrows-position-outside exad-sticky-section-no exad-glass-effect-no elementor-widget elementor-widget-image-carousel\" data-id=\"b91ca24\" data-element_type=\"widget\" data-e-type=\"widget\" data-settings=\"{&quot;slides_to_show&quot;:&quot;1&quot;,&quot;navigation&quot;:&quot;arrows&quot;,&quot;autoplay&quot;:&quot;yes&quot;,&quot;pause_on_hover&quot;:&quot;yes&quot;,&quot;pause_on_interaction&quot;:&quot;yes&quot;,&quot;autoplay_speed&quot;:5000,&quot;infinite&quot;:&quot;yes&quot;,&quot;effect&quot;:&quot;slide&quot;,&quot;speed&quot;:500}\" data-widget_type=\"image-carousel.default\">\n\t\t\t\t<div class=\"elementor-widget-container\">\n\t\t\t\t\t\t\t<div class=\"elementor-image-carousel-wrapper swiper\" role=\"region\" aria-roledescription=\"carousel\" aria-label=\"Image Carousel\" dir=\"ltr\">\n\t\t\t<div class=\"elementor-image-carousel swiper-wrapper swiper-image-stretch\" aria-live=\"off\">\n\t\t\t\t\t\t\t\t<div class=\"swiper-slide\" role=\"group\" aria-roledescription=\"slide\" aria-label=\"1 of 6\"><figure class=\"swiper-slide-inner\"><img decoding=\"async\" class=\"swiper-slide-image\" src=\"https:\/\/protech-transfer.com\/wp-content\/uploads\/2024\/10\/Industrial-presentation-Medical_1-scaled.jpg\" alt=\"Industrial presentation (Medical) 1\" \/><\/figure><\/div><div class=\"swiper-slide\" role=\"group\" aria-roledescription=\"slide\" aria-label=\"2 of 6\"><figure class=\"swiper-slide-inner\"><img decoding=\"async\" class=\"swiper-slide-image\" src=\"https:\/\/protech-transfer.com\/wp-content\/uploads\/2024\/10\/Industrial-presentation-Medical_2-scaled.jpg\" alt=\"Industrial presentation (Medical) 2\" \/><\/figure><\/div><div class=\"swiper-slide\" role=\"group\" aria-roledescription=\"slide\" aria-label=\"3 of 6\"><figure class=\"swiper-slide-inner\"><img decoding=\"async\" class=\"swiper-slide-image\" src=\"https:\/\/protech-transfer.com\/wp-content\/uploads\/2024\/10\/Industrial-presentation-Medical_3-scaled.jpg\" alt=\"Industrial presentation (Medical) 3\" \/><\/figure><\/div><div class=\"swiper-slide\" role=\"group\" aria-roledescription=\"slide\" aria-label=\"4 of 6\"><figure class=\"swiper-slide-inner\"><img decoding=\"async\" class=\"swiper-slide-image\" src=\"https:\/\/protech-transfer.com\/wp-content\/uploads\/2024\/10\/Industrial-presentation-Medical_4-scaled.jpg\" alt=\"Industrial presentation (Medical) 4\" \/><\/figure><\/div><div class=\"swiper-slide\" role=\"group\" aria-roledescription=\"slide\" aria-label=\"5 of 6\"><figure class=\"swiper-slide-inner\"><img decoding=\"async\" class=\"swiper-slide-image\" src=\"https:\/\/protech-transfer.com\/wp-content\/uploads\/2024\/10\/Industrial-presentation-Medical_5-scaled.jpg\" alt=\"Industrial presentation (Medical) 5\" \/><\/figure><\/div><div class=\"swiper-slide\" role=\"group\" aria-roledescription=\"slide\" aria-label=\"6 of 6\"><figure class=\"swiper-slide-inner\"><img decoding=\"async\" class=\"swiper-slide-image\" src=\"https:\/\/protech-transfer.com\/wp-content\/uploads\/2024\/10\/Industrial-presentation-Medical_6-scaled.jpg\" alt=\"Industrial presentation (Medical) 6\" \/><\/figure><\/div>\t\t\t<\/div>\n\t\t\t\t\t\t\t\t\t\t\t\t<div class=\"elementor-swiper-button elementor-swiper-button-prev\" role=\"button\" tabindex=\"0\">\n\t\t\t\t\t\t<svg aria-hidden=\"true\" class=\"e-font-icon-svg e-eicon-chevron-left\" viewBox=\"0 0 1000 1000\" xmlns=\"http:\/\/www.w3.org\/2000\/svg\"><path d=\"M646 125C629 125 613 133 604 142L308 442C296 454 292 471 292 487 292 504 296 521 308 533L604 854C617 867 629 875 646 875 663 875 679 871 692 858 704 846 713 829 713 812 713 796 708 779 692 767L438 487 692 225C700 217 708 204 708 187 708 171 704 154 692 142 675 129 663 125 646 125Z\"><\/path><\/svg>\t\t\t\t\t<\/div>\n\t\t\t\t\t<div class=\"elementor-swiper-button elementor-swiper-button-next\" role=\"button\" tabindex=\"0\">\n\t\t\t\t\t\t<svg aria-hidden=\"true\" class=\"e-font-icon-svg e-eicon-chevron-right\" viewBox=\"0 0 1000 1000\" xmlns=\"http:\/\/www.w3.org\/2000\/svg\"><path d=\"M696 533C708 521 713 504 713 487 713 471 708 454 696 446L400 146C388 133 375 125 354 125 338 125 325 129 313 142 300 154 292 171 292 187 292 204 296 221 308 233L563 492 304 771C292 783 288 800 288 817 288 833 296 850 308 863 321 871 338 875 354 875 371 875 388 867 400 854L696 533Z\"><\/path><\/svg>\t\t\t\t\t<\/div>\n\t\t\t\t\n\t\t\t\t\t\t\t\t\t<\/div>\n\t\t\t\t\t\t<\/div>\n\t\t\t\t<\/div>\n\t\t\t\t\t<\/div>\n\t\t<\/div>\n\t\t\t\t\t<\/div>\n\t\t<\/section>\n\t\t\t\t<section class=\"elementor-section elementor-top-section elementor-element elementor-element-3b4773f31 elementor-section-content-middle elementor-section-boxed elementor-section-height-default elementor-section-height-default exad-glass-effect-no wpr-particle-no wpr-jarallax-no wpr-parallax-no wpr-sticky-section-no exad-sticky-section-no\" data-id=\"3b4773f31\" data-element_type=\"section\" data-e-type=\"section\">\n\t\t\t\t\t\t<div class=\"elementor-container elementor-column-gap-default\">\n\t\t\t\t\t<div class=\"elementor-column elementor-col-100 elementor-top-column elementor-element elementor-element-412fc47 exad-glass-effect-no exad-sticky-section-no\" data-id=\"412fc47\" data-element_type=\"column\" data-e-type=\"column\">\n\t\t\t<div class=\"elementor-widget-wrap elementor-element-populated\">\n\t\t\t\t\t\t<div class=\"elementor-element elementor-element-40ab00a elementor-align-center elementor-icon-list--layout-traditional elementor-list-item-link-full_width exad-sticky-section-no exad-glass-effect-no elementor-widget elementor-widget-icon-list\" data-id=\"40ab00a\" data-element_type=\"widget\" data-e-type=\"widget\" data-widget_type=\"icon-list.default\">\n\t\t\t\t<div class=\"elementor-widget-container\">\n\t\t\t\t\t\t\t<ul class=\"elementor-icon-list-items\">\n\t\t\t\t\t\t\t<li class=\"elementor-icon-list-item\">\n\t\t\t\t\t\t\t\t\t\t<span class=\"elementor-icon-list-text\">Medical<\/span>\n\t\t\t\t\t\t\t\t\t<\/li>\n\t\t\t\t\t\t<\/ul>\n\t\t\t\t\t\t<\/div>\n\t\t\t\t<\/div>\n\t\t\t\t\t<\/div>\n\t\t<\/div>\n\t\t\t\t\t<\/div>\n\t\t<\/section>\n\t\t\t\t<section class=\"elementor-section elementor-top-section elementor-element elementor-element-1e34c1f elementor-section-boxed elementor-section-height-default elementor-section-height-default exad-glass-effect-no wpr-particle-no wpr-jarallax-no wpr-parallax-no wpr-sticky-section-no exad-sticky-section-no\" data-id=\"1e34c1f\" data-element_type=\"section\" data-e-type=\"section\">\n\t\t\t\t\t\t<div class=\"elementor-container elementor-column-gap-default\">\n\t\t\t\t\t<div class=\"elementor-column elementor-col-100 elementor-top-column elementor-element elementor-element-87d2146 exad-glass-effect-no exad-sticky-section-no\" data-id=\"87d2146\" data-element_type=\"column\" data-e-type=\"column\">\n\t\t\t<div class=\"elementor-widget-wrap elementor-element-populated\">\n\t\t\t\t\t\t<div class=\"elementor-element elementor-element-56c6749 exad-sticky-section-no exad-glass-effect-no elementor-widget elementor-widget-heading\" data-id=\"56c6749\" data-element_type=\"widget\" data-e-type=\"widget\" data-widget_type=\"heading.default\">\n\t\t\t\t<div class=\"elementor-widget-container\">\n\t\t\t\t\t<h2 class=\"elementor-heading-title elementor-size-default\">C\u00e1c M\u00e1y \u0110\u1ed9 Ch\u00ednh X\u00e1c Cao Cho Ng\u00e0nh C\u00f4ng Nghi\u1ec7p Y T\u1ebf<\/h2>\t\t\t\t<\/div>\n\t\t\t\t<\/div>\n\t\t\t\t<div class=\"elementor-element elementor-element-8270b0a elementor-widget-divider--view-line exad-sticky-section-no exad-glass-effect-no elementor-widget elementor-widget-divider\" data-id=\"8270b0a\" data-element_type=\"widget\" data-e-type=\"widget\" data-widget_type=\"divider.default\">\n\t\t\t\t<div class=\"elementor-widget-container\">\n\t\t\t\t\t\t\t<div class=\"elementor-divider\">\n\t\t\t<span class=\"elementor-divider-separator\">\n\t\t\t\t\t\t<\/span>\n\t\t<\/div>\n\t\t\t\t\t\t<\/div>\n\t\t\t\t<\/div>\n\t\t\t\t<div class=\"elementor-element elementor-element-a5b820e exad-sticky-section-no exad-glass-effect-no elementor-widget elementor-widget-heading\" data-id=\"a5b820e\" data-element_type=\"widget\" data-e-type=\"widget\" data-widget_type=\"heading.default\">\n\t\t\t\t<div class=\"elementor-widget-container\">\n\t\t\t\t\t<p class=\"elementor-heading-title elementor-size-default\">Protech Transfer cung c\u1ea5p c\u00e1c thi\u1ebft b\u1ecb ti\u00ean ti\u1ebfn \u0111\u01b0\u1ee3c thi\u1ebft k\u1ebf cho nh\u1eefng y\u00eau c\u1ea7u ch\u00ednh x\u00e1c c\u1ee7a ng\u00e0nh y t\u1ebf.Thi\u1ebft b\u1ecb c\u1ee7a ch\u00fang t\u00f4i \u0111\u1ea3m b\u1ea3o \u0111\u1ed9 ch\u00ednh x\u00e1c cao, \u0111\u1ed9 tin c\u1eady v\u00e0 hi\u1ec7u su\u1ea5t h\u00e0ng \u0111\u1ea7u, d\u00f9 b\u1ea1n \u0111ang gia c\u00f4ng d\u1ee5ng c\u1ee5 ph\u1eabu thu\u1eadt, implant hay c\u00e1c thi\u1ebft b\u1ecb y t\u1ebf kh\u00e1c.<\/p>\t\t\t\t<\/div>\n\t\t\t\t<\/div>\n\t\t\t\t<div class=\"elementor-element elementor-element-b714ee6 exad-sticky-section-no exad-glass-effect-no elementor-widget elementor-widget-heading\" data-id=\"b714ee6\" data-element_type=\"widget\" data-e-type=\"widget\" data-widget_type=\"heading.default\">\n\t\t\t\t<div class=\"elementor-widget-container\">\n\t\t\t\t\t<p class=\"elementor-heading-title elementor-size-default\">Kh\u00e1m ph\u00e1 c\u00e1c gi\u1ea3i ph\u00e1p c\u1ee7a ch\u00fang t\u00f4i gi\u00fap t\u1ed1i \u01b0u h\u00f3a quy tr\u00ecnh s\u1ea3n xu\u1ea5t trong khi v\u1eabn duy tr\u00ec c\u00e1c ti\u00eau chu\u1ea9n ch\u1ea5t l\u01b0\u1ee3ng cao nh\u1ea5t.V\u1edbi m\u00e1y m\u00f3c c\u1ee7a ch\u00fang t\u00f4i, b\u1ea1n c\u00f3 th\u1ec3 \u0111\u1ea1t \u0111\u01b0\u1ee3c k\u1ebft qu\u1ea3 \u1ed5n \u0111\u1ecbnh v\u00e0 \u0111\u00e1ng tin c\u1eady ngay c\u1ea3 trong nh\u1eefng \u1ee9ng d\u1ee5ng y t\u1ebf \u0111\u00f2i h\u1ecfi kh\u1eaft khe nh\u1ea5t.<\/p>\t\t\t\t<\/div>\n\t\t\t\t<\/div>\n\t\t\t\t\t<\/div>\n\t\t<\/div>\n\t\t\t\t\t<\/div>\n\t\t<\/section>\n\t\t\t\t<section class=\"elementor-section elementor-top-section elementor-element elementor-element-a325b0e elementor-section-boxed elementor-section-height-default elementor-section-height-default exad-glass-effect-no wpr-particle-no wpr-jarallax-no wpr-parallax-no wpr-sticky-section-no exad-sticky-section-no\" data-id=\"a325b0e\" data-element_type=\"section\" data-e-type=\"section\">\n\t\t\t\t\t\t<div class=\"elementor-container elementor-column-gap-default\">\n\t\t\t\t\t<div class=\"elementor-column elementor-col-100 elementor-top-column elementor-element elementor-element-ecb9cce exad-glass-effect-no exad-sticky-section-no\" data-id=\"ecb9cce\" data-element_type=\"column\" data-e-type=\"column\">\n\t\t\t<div class=\"elementor-widget-wrap elementor-element-populated\">\n\t\t\t\t\t\t<div class=\"elementor-element elementor-element-a7ccd62 exad-sticky-section-no exad-glass-effect-no elementor-widget elementor-widget-spacer\" data-id=\"a7ccd62\" data-element_type=\"widget\" data-e-type=\"widget\" data-widget_type=\"spacer.default\">\n\t\t\t\t<div class=\"elementor-widget-container\">\n\t\t\t\t\t\t\t<div class=\"elementor-spacer\">\n\t\t\t<div class=\"elementor-spacer-inner\"><\/div>\n\t\t<\/div>\n\t\t\t\t\t\t<\/div>\n\t\t\t\t<\/div>\n\t\t\t\t\t<\/div>\n\t\t<\/div>\n\t\t\t\t\t<\/div>\n\t\t<\/section>\n\t\t\t\t<\/div>\n\t\t","protected":false},"excerpt":{"rendered":"<p>Medical C\u00e1c M\u00e1y \u0110\u1ed9 Ch\u00ednh X\u00e1c Cao Cho Ng\u00e0nh C\u00f4ng Nghi\u1ec7p Y T\u1ebf Protech Transfer cung c\u1ea5p c\u00e1c thi\u1ebft b\u1ecb ti\u00ean ti\u1ebfn \u0111\u01b0\u1ee3c thi\u1ebft k\u1ebf cho nh\u1eefng y\u00eau c\u1ea7u ch\u00ednh x\u00e1c c\u1ee7a ng\u00e0nh y t\u1ebf.Thi\u1ebft b\u1ecb c\u1ee7a ch\u00fang t\u00f4i \u0111\u1ea3m b\u1ea3o \u0111\u1ed9 ch\u00ednh x\u00e1c cao, \u0111\u1ed9 tin c\u1eady v\u00e0 hi\u1ec7u su\u1ea5t h\u00e0ng \u0111\u1ea7u, d\u00f9 b\u1ea1n \u0111ang gia c\u00f4ng d\u1ee5ng c\u1ee5 ph\u1eabu thu\u1eadt, implant hay c\u00e1c thi\u1ebft b\u1ecb y t\u1ebf kh\u00e1c. Kh\u00e1m ph\u00e1 c\u00e1c gi\u1ea3i ph\u00e1p c\u1ee7a ch\u00fang t\u00f4i gi\u00fap t\u1ed1i \u01b0u h\u00f3a quy tr\u00ecnh s\u1ea3n xu\u1ea5t trong khi v\u1eabn duy tr\u00ec c\u00e1c ti\u00eau chu\u1ea9n ch\u1ea5t l\u01b0\u1ee3ng cao nh\u1ea5t.V\u1edbi m\u00e1y m\u00f3c c\u1ee7a ch\u00fang t\u00f4i, b\u1ea1n c\u00f3 th\u1ec3 \u0111\u1ea1t \u0111\u01b0\u1ee3c k\u1ebft qu\u1ea3 \u1ed5n \u0111\u1ecbnh v\u00e0 \u0111\u00e1ng tin c\u1eady ngay c\u1ea3 trong nh\u1eefng \u1ee9ng d\u1ee5ng y t\u1ebf \u0111\u00f2i h\u1ecfi kh\u1eaft khe nh\u1ea5t.<\/p>\n","protected":false},"author":1,"featured_media":7018,"parent":0,"menu_order":0,"comment_status":"closed","ping_status":"closed","template":"elementor_header_footer","meta":{"site-sidebar-layout":"no-sidebar","site-content-layout":"","ast-site-content-layout":"full-width-container","site-content-style":"default","site-sidebar-style":"default","ast-global-header-display":"","ast-banner-title-visibility":"","ast-main-header-display":"","ast-hfb-above-header-display":"","ast-hfb-below-header-display":"","ast-hfb-mobile-header-display":"","site-post-title":"disabled","ast-breadcrumbs-content":"","ast-featured-img":"disabled","footer-sml-layout":"","ast-disable-related-posts":"","theme-transparent-header-meta":"default","adv-header-id-meta":"","stick-header-meta":"","header-above-stick-meta":"","header-main-stick-meta":"","header-below-stick-meta":"","astra-migrate-meta-layouts":"default","ast-page-background-enabled":"default","ast-page-background-meta":{"desktop":{"background-color":"var(--ast-global-color-4)","background-image":"","background-repeat":"repeat","background-position":"center center","background-size":"auto","background-attachment":"scroll","background-type":"","background-media":"","overlay-type":"","overlay-color":"","overlay-opacity":"","overlay-gradient":""},"tablet":{"background-color":"","background-image":"","background-repeat":"repeat","background-position":"center center","background-size":"auto","background-attachment":"scroll","background-type":"","background-media":"","overlay-type":"","overlay-color":"","overlay-opacity":"","overlay-gradient":""},"mobile":{"background-color":"","background-image":"","background-repeat":"repeat","background-position":"center center","background-size":"auto","background-attachment":"scroll","background-type":"","background-media":"","overlay-type":"","overlay-color":"","overlay-opacity":"","overlay-gradient":""}},"ast-content-background-meta":{"desktop":{"background-color":"var(--ast-global-color-5)","background-image":"","background-repeat":"repeat","background-position":"center center","background-size":"auto","background-attachment":"scroll","background-type":"","background-media":"","overlay-type":"","overlay-color":"","overlay-opacity":"","overlay-gradient":""},"tablet":{"background-color":"var(--ast-global-color-5)","background-image":"","background-repeat":"repeat","background-position":"center center","background-size":"auto","background-attachment":"scroll","background-type":"","background-media":"","overlay-type":"","overlay-color":"","overlay-opacity":"","overlay-gradient":""},"mobile":{"background-color":"var(--ast-global-color-5)","background-image":"","background-repeat":"repeat","background-position":"center center","background-size":"auto","background-attachment":"scroll","background-type":"","background-media":"","overlay-type":"","overlay-color":"","overlay-opacity":"","overlay-gradient":""}},"footnotes":""},"class_list":["post-7017","page","type-page","status-publish","has-post-thumbnail","hentry"],"yoast_head":"<!-- This site is optimized with the Yoast SEO plugin v26.9 - https:\/\/yoast.com\/product\/yoast-seo-wordpress\/ -->\n<title>Medical - Protech Transfer<\/title>\n<meta name=\"robots\" content=\"index, follow, max-snippet:-1, max-image-preview:large, max-video-preview:-1\" \/>\n<link rel=\"canonical\" href=\"https:\/\/protech-transfer.com\/vi\/medical\/\" \/>\n<meta property=\"og:locale\" content=\"vi_VN\" \/>\n<meta property=\"og:type\" content=\"article\" \/>\n<meta property=\"og:title\" content=\"Medical - Protech Transfer\" \/>\n<meta property=\"og:description\" content=\"Medical C\u00e1c M\u00e1y \u0110\u1ed9 Ch\u00ednh X\u00e1c Cao Cho Ng\u00e0nh C\u00f4ng Nghi\u1ec7p Y T\u1ebf Protech Transfer cung c\u1ea5p c\u00e1c thi\u1ebft b\u1ecb ti\u00ean ti\u1ebfn \u0111\u01b0\u1ee3c thi\u1ebft k\u1ebf cho nh\u1eefng y\u00eau c\u1ea7u ch\u00ednh x\u00e1c c\u1ee7a ng\u00e0nh y t\u1ebf.Thi\u1ebft b\u1ecb c\u1ee7a ch\u00fang t\u00f4i \u0111\u1ea3m b\u1ea3o \u0111\u1ed9 ch\u00ednh x\u00e1c cao, \u0111\u1ed9 tin c\u1eady v\u00e0 hi\u1ec7u su\u1ea5t h\u00e0ng \u0111\u1ea7u, d\u00f9 b\u1ea1n \u0111ang gia c\u00f4ng d\u1ee5ng c\u1ee5 ph\u1eabu thu\u1eadt, implant hay c\u00e1c thi\u1ebft b\u1ecb y t\u1ebf kh\u00e1c. Kh\u00e1m ph\u00e1 c\u00e1c gi\u1ea3i ph\u00e1p c\u1ee7a ch\u00fang t\u00f4i gi\u00fap t\u1ed1i \u01b0u h\u00f3a quy tr\u00ecnh s\u1ea3n xu\u1ea5t trong khi v\u1eabn duy tr\u00ec c\u00e1c ti\u00eau chu\u1ea9n ch\u1ea5t l\u01b0\u1ee3ng cao nh\u1ea5t.V\u1edbi m\u00e1y m\u00f3c c\u1ee7a ch\u00fang t\u00f4i, b\u1ea1n c\u00f3 th\u1ec3 \u0111\u1ea1t \u0111\u01b0\u1ee3c k\u1ebft qu\u1ea3 \u1ed5n \u0111\u1ecbnh v\u00e0 \u0111\u00e1ng tin c\u1eady ngay c\u1ea3 trong nh\u1eefng \u1ee9ng d\u1ee5ng y t\u1ebf \u0111\u00f2i h\u1ecfi kh\u1eaft khe nh\u1ea5t.\" \/>\n<meta property=\"og:url\" content=\"https:\/\/protech-transfer.com\/vi\/medical\/\" \/>\n<meta property=\"og:site_name\" content=\"Protech Transfer\" \/>\n<meta property=\"article:modified_time\" content=\"2025-12-23T17:14:17+00:00\" \/>\n<meta property=\"og:image\" content=\"https:\/\/protech-transfer.com\/wp-content\/uploads\/2024\/09\/Slide1.jpg\" \/>\n\t<meta property=\"og:image:width\" content=\"1920\" \/>\n\t<meta property=\"og:image:height\" content=\"1080\" \/>\n\t<meta property=\"og:image:type\" content=\"image\/jpeg\" \/>\n<meta name=\"twitter:card\" content=\"summary_large_image\" \/>\n<meta name=\"twitter:label1\" content=\"Est. reading time\" \/>\n\t<meta name=\"twitter:data1\" content=\"3 minutes\" \/>\n<script type=\"application\/ld+json\" class=\"yoast-schema-graph\">{\"@context\":\"https:\/\/schema.org\",\"@graph\":[{\"@type\":\"WebPage\",\"@id\":\"https:\/\/protech-transfer.com\/vi\/medical\/\",\"url\":\"https:\/\/protech-transfer.com\/vi\/medical\/\",\"name\":\"Medical - Protech Transfer\",\"isPartOf\":{\"@id\":\"https:\/\/protech-transfer.com\/vi\/#website\"},\"primaryImageOfPage\":{\"@id\":\"https:\/\/protech-transfer.com\/vi\/medical\/#primaryimage\"},\"image\":{\"@id\":\"https:\/\/protech-transfer.com\/vi\/medical\/#primaryimage\"},\"thumbnailUrl\":\"https:\/\/protech-transfer.com\/wp-content\/uploads\/2024\/09\/Slide1.jpg\",\"datePublished\":\"2024-09-22T16:23:10+00:00\",\"dateModified\":\"2025-12-23T17:14:17+00:00\",\"breadcrumb\":{\"@id\":\"https:\/\/protech-transfer.com\/vi\/medical\/#breadcrumb\"},\"inLanguage\":\"vi-VN\",\"potentialAction\":[{\"@type\":\"ReadAction\",\"target\":[\"https:\/\/protech-transfer.com\/vi\/medical\/\"]}]},{\"@type\":\"ImageObject\",\"inLanguage\":\"vi-VN\",\"@id\":\"https:\/\/protech-transfer.com\/vi\/medical\/#primaryimage\",\"url\":\"https:\/\/protech-transfer.com\/wp-content\/uploads\/2024\/09\/Slide1.jpg\",\"contentUrl\":\"https:\/\/protech-transfer.com\/wp-content\/uploads\/2024\/09\/Slide1.jpg\",\"width\":1920,\"height\":1080,\"caption\":\"Protech Transfer Jewelry machines presentation\"},{\"@type\":\"BreadcrumbList\",\"@id\":\"https:\/\/protech-transfer.com\/vi\/medical\/#breadcrumb\",\"itemListElement\":[{\"@type\":\"ListItem\",\"position\":1,\"name\":\"Home\",\"item\":\"https:\/\/protech-transfer.com\/vi\/\"},{\"@type\":\"ListItem\",\"position\":2,\"name\":\"Medical\"}]},{\"@type\":\"WebSite\",\"@id\":\"https:\/\/protech-transfer.com\/vi\/#website\",\"url\":\"https:\/\/protech-transfer.com\/vi\/\",\"name\":\"Protech Transfer\",\"description\":\"&quot;BEST MACHINERY, BEST SERVICE&quot;\",\"potentialAction\":[{\"@type\":\"SearchAction\",\"target\":{\"@type\":\"EntryPoint\",\"urlTemplate\":\"https:\/\/protech-transfer.com\/vi\/?s={search_term_string}\"},\"query-input\":{\"@type\":\"PropertyValueSpecification\",\"valueRequired\":true,\"valueName\":\"search_term_string\"}}],\"inLanguage\":\"vi-VN\"}]}<\/script>\n<!-- \/ Yoast SEO plugin. -->","yoast_head_json":{"title":"Medical - Protech Transfer","robots":{"index":"index","follow":"follow","max-snippet":"max-snippet:-1","max-image-preview":"max-image-preview:large","max-video-preview":"max-video-preview:-1"},"canonical":"https:\/\/protech-transfer.com\/vi\/medical\/","og_locale":"vi_VN","og_type":"article","og_title":"Medical - Protech Transfer","og_description":"Medical C\u00e1c M\u00e1y \u0110\u1ed9 Ch\u00ednh X\u00e1c Cao Cho Ng\u00e0nh C\u00f4ng Nghi\u1ec7p Y T\u1ebf Protech Transfer cung c\u1ea5p c\u00e1c thi\u1ebft b\u1ecb ti\u00ean ti\u1ebfn \u0111\u01b0\u1ee3c thi\u1ebft k\u1ebf cho nh\u1eefng y\u00eau c\u1ea7u ch\u00ednh x\u00e1c c\u1ee7a ng\u00e0nh y t\u1ebf.Thi\u1ebft b\u1ecb c\u1ee7a ch\u00fang t\u00f4i \u0111\u1ea3m b\u1ea3o \u0111\u1ed9 ch\u00ednh x\u00e1c cao, \u0111\u1ed9 tin c\u1eady v\u00e0 hi\u1ec7u su\u1ea5t h\u00e0ng \u0111\u1ea7u, d\u00f9 b\u1ea1n \u0111ang gia c\u00f4ng d\u1ee5ng c\u1ee5 ph\u1eabu thu\u1eadt, implant hay c\u00e1c thi\u1ebft b\u1ecb y t\u1ebf kh\u00e1c. Kh\u00e1m ph\u00e1 c\u00e1c gi\u1ea3i ph\u00e1p c\u1ee7a ch\u00fang t\u00f4i gi\u00fap t\u1ed1i \u01b0u h\u00f3a quy tr\u00ecnh s\u1ea3n xu\u1ea5t trong khi v\u1eabn duy tr\u00ec c\u00e1c ti\u00eau chu\u1ea9n ch\u1ea5t l\u01b0\u1ee3ng cao nh\u1ea5t.V\u1edbi m\u00e1y m\u00f3c c\u1ee7a ch\u00fang t\u00f4i, b\u1ea1n c\u00f3 th\u1ec3 \u0111\u1ea1t \u0111\u01b0\u1ee3c k\u1ebft qu\u1ea3 \u1ed5n \u0111\u1ecbnh v\u00e0 \u0111\u00e1ng tin c\u1eady ngay c\u1ea3 trong nh\u1eefng \u1ee9ng d\u1ee5ng y t\u1ebf \u0111\u00f2i h\u1ecfi kh\u1eaft khe nh\u1ea5t.","og_url":"https:\/\/protech-transfer.com\/vi\/medical\/","og_site_name":"Protech Transfer","article_modified_time":"2025-12-23T17:14:17+00:00","og_image":[{"width":1920,"height":1080,"url":"https:\/\/protech-transfer.com\/wp-content\/uploads\/2024\/09\/Slide1.jpg","type":"image\/jpeg"}],"twitter_card":"summary_large_image","twitter_misc":{"Est. reading time":"3 minutes"},"schema":{"@context":"https:\/\/schema.org","@graph":[{"@type":"WebPage","@id":"https:\/\/protech-transfer.com\/vi\/medical\/","url":"https:\/\/protech-transfer.com\/vi\/medical\/","name":"Medical - Protech Transfer","isPartOf":{"@id":"https:\/\/protech-transfer.com\/vi\/#website"},"primaryImageOfPage":{"@id":"https:\/\/protech-transfer.com\/vi\/medical\/#primaryimage"},"image":{"@id":"https:\/\/protech-transfer.com\/vi\/medical\/#primaryimage"},"thumbnailUrl":"https:\/\/protech-transfer.com\/wp-content\/uploads\/2024\/09\/Slide1.jpg","datePublished":"2024-09-22T16:23:10+00:00","dateModified":"2025-12-23T17:14:17+00:00","breadcrumb":{"@id":"https:\/\/protech-transfer.com\/vi\/medical\/#breadcrumb"},"inLanguage":"vi-VN","potentialAction":[{"@type":"ReadAction","target":["https:\/\/protech-transfer.com\/vi\/medical\/"]}]},{"@type":"ImageObject","inLanguage":"vi-VN","@id":"https:\/\/protech-transfer.com\/vi\/medical\/#primaryimage","url":"https:\/\/protech-transfer.com\/wp-content\/uploads\/2024\/09\/Slide1.jpg","contentUrl":"https:\/\/protech-transfer.com\/wp-content\/uploads\/2024\/09\/Slide1.jpg","width":1920,"height":1080,"caption":"Protech Transfer Jewelry machines presentation"},{"@type":"BreadcrumbList","@id":"https:\/\/protech-transfer.com\/vi\/medical\/#breadcrumb","itemListElement":[{"@type":"ListItem","position":1,"name":"Home","item":"https:\/\/protech-transfer.com\/vi\/"},{"@type":"ListItem","position":2,"name":"Medical"}]},{"@type":"WebSite","@id":"https:\/\/protech-transfer.com\/vi\/#website","url":"https:\/\/protech-transfer.com\/vi\/","name":"Protech Transfer","description":"&quot;BEST MACHINERY, BEST SERVICE&quot;","potentialAction":[{"@type":"SearchAction","target":{"@type":"EntryPoint","urlTemplate":"https:\/\/protech-transfer.com\/vi\/?s={search_term_string}"},"query-input":{"@type":"PropertyValueSpecification","valueRequired":true,"valueName":"search_term_string"}}],"inLanguage":"vi-VN"}]}},"_links":{"self":[{"href":"https:\/\/protech-transfer.com\/vi\/wp-json\/wp\/v2\/pages\/7017","targetHints":{"allow":["GET"]}}],"collection":[{"href":"https:\/\/protech-transfer.com\/vi\/wp-json\/wp\/v2\/pages"}],"about":[{"href":"https:\/\/protech-transfer.com\/vi\/wp-json\/wp\/v2\/types\/page"}],"author":[{"embeddable":true,"href":"https:\/\/protech-transfer.com\/vi\/wp-json\/wp\/v2\/users\/1"}],"replies":[{"embeddable":true,"href":"https:\/\/protech-transfer.com\/vi\/wp-json\/wp\/v2\/comments?post=7017"}],"version-history":[{"count":3,"href":"https:\/\/protech-transfer.com\/vi\/wp-json\/wp\/v2\/pages\/7017\/revisions"}],"predecessor-version":[{"id":7028,"href":"https:\/\/protech-transfer.com\/vi\/wp-json\/wp\/v2\/pages\/7017\/revisions\/7028"}],"wp:featuredmedia":[{"embeddable":true,"href":"https:\/\/protech-transfer.com\/vi\/wp-json\/wp\/v2\/media\/7018"}],"wp:attachment":[{"href":"https:\/\/protech-transfer.com\/vi\/wp-json\/wp\/v2\/media?parent=7017"}],"curies":[{"name":"wp","href":"https:\/\/api.w.org\/{rel}","templated":true}]}}